{"id":1,"date":"2019-09-05T08:43:56","date_gmt":"2019-09-05T06:43:56","guid":{"rendered":"http:\/\/yootheme.markusweidemann.de\/?p=1"},"modified":"2026-01-25T12:11:32","modified_gmt":"2026-01-25T11:11:32","slug":"home","status":"publish","type":"page","link":"https:\/\/www.fayence-steinzeug-vogt.de\/de\/","title":{"rendered":"Home"},"content":{"rendered":"<h1>Peter Vogt<br \/>Antiquit\u00e4ten im Rathaus M\u00fcnchen<\/h1>\n<h2>Fayence und Steinzeug aus vier Jahrhunderten<\/h2>\n<h2>Highlights aus unserem Angebot<\/h2>\n<ul>\n<li>\n<p>        <img decoding=\"async\" src=\"\/wp-content\/uploads\/2026\/01\/Kuenersberg-Fayence-Leuchter-um-1760.jpg\" alt=\"Kuenersberg-Fayence-Leuchter-um-1760\"><\/p>\n<h3>K\u00fcnersberg Leuchter um 1760<\/h3>\n<div>\n<p>K\u00fcnersberger Fayence Leuchter um 1760, mit bunten Muffelfarben bemalt, Darstellung des Sommers, H. 22 cm<\/p>\n<\/div>\n<\/li>\n<li>\n<p>        <img decoding=\"async\" src=\"\/wp-content\/uploads\/2026\/01\/nuremberg-faience-hausmaler-jug-helmhack-17th-century-scaled.jpg\" alt=\"nuremberg-faience-hausmaler-jug-helmhack-17th-century\"><\/p>\n<h3>N\u00fcrnberg Hausmalerkrug um 1680<\/h3>\n<div>\n<p>N\u00fcrnberger Hausmalerkrug signiert \u201eAH\u201c um 1680, die Fayence wurde von Abraham Helmhack mit bunten Muffelfarben bemalt, Silbermontierung, H. 29 cm<\/p>\n<\/div>\n<\/li>\n<li>\n<p>        <img decoding=\"async\" src=\"\/wp-content\/uploads\/2024\/01\/kuenersberg-fayence-jagd-flasche-1760.jpg\" alt=\"kuenersberg-fayence-jagd-flasche-1760\"><\/p>\n<h3>K\u00fcnersberg Jagdflasche ca. 1760<\/h3>\n<div>\n<p>K\u00fcnersberger Jagdflasche um 1760, die mit bunten Muffelfarben bemalt ist, H. 22 cm\u00a0<br \/>Abgebildet im Ausstellungs-Katalog 1995: \u201e250 Jahre K\u00fcnersberger Fayencen\u201c, Seite 193\u00a0<\/p>\n<\/div>\n<\/li>\n<li>\n<p>        <img decoding=\"async\" src=\"\/wp-content\/uploads\/2026\/01\/raeren-stoneware-schnelle-armorial-dated-1580-scaled.jpg\" alt=\"raeren-steinzeug-schnelle-wappen-datiert-1580-\"><\/p>\n<h3>Raeren Schnelle 1580 datiert<\/h3>\n<div>\n<p>Raerener Steinzeug Schnelle 1580 datiert, Auflage mit Wappen des Herzogs Johann von Stettin und Pommern, H. 33 cm<\/p>\n<\/div>\n<\/li>\n<li>\n<p>        <img decoding=\"async\" src=\"\/wp-content\/uploads\/2026\/01\/westerwald-stoneware-pilgrims-bottle-ca.1680.jpg\" alt=\"westerwald-steinzeug-pilger-flasche-ca.1680\"><\/p>\n<h3>Westerwald Pilgerflasche um 1680<\/h3>\n<div>\n<p>Westerw\u00e4lder Steinzeugflasche um 1680, verziert mit einem Herrscherpaar mit Zepter, H. 21 cm<\/p>\n<\/div>\n<\/li>\n<li>\n<p>        <img decoding=\"async\" src=\"\/wp-content\/uploads\/2026\/01\/Westerwald-Steinzeugkrug-1637-datiert-scaled.jpg\" alt=\"Westerwald-Steinzeugkrug-1637-datiert\"><\/p>\n<h3>Westerwald Steinzeugkrug 1637 datiert<\/h3>\n<div>\n<p>Westerw\u00e4lder Steinzeugkrug 1637 datiert, Auflagen mit Stegkanne und Signatur \u201eIA ML\u201c, H. 22 cm<\/p>\n<\/div>\n<\/li>\n<li>\n<p>        <img decoding=\"async\" src=\"\/wp-content\/uploads\/2024\/01\/nuernberg-preuning-hafner-krug-1560.jpg\" alt=\"nuernberg-preuning-hafner-krug-1560\"><\/p>\n<h3>N\u00fcrnberg Hafnerkrug um 1560<\/h3>\n<div>\n<p><span>N\u00fcrnberger Hafnerkrug um 1560, aus der Werkstatt von Paul Preuning, H. 35 cm\u00a0<\/span><br \/><span>Provenienz: Aus der Kunst-Sammlung von Leopold Blumka, New York\u00a0<\/span><\/p>\n<\/div>\n<\/li>\n<li>\n<p>        <img decoding=\"async\" src=\"\/wp-content\/uploads\/2026\/01\/german-silver-beaker-Schwaebisch-Hall-ca-1580.jpg\" alt=\"silber-becher-schw\u00e4bisch hall-um-1580-meister-jerg-sieber\"><\/p>\n<h3>Silberbecher Schw\u00e4bisch Hall um 1580<\/h3>\n<div>\n<p>Silberbecher aus Schw\u00e4bisch Hall um 1580, Meister Jerg (J\u00f6rg) Sieber 1575-1599, H. 8 cm<\/p>\n<\/div>\n<\/li>\n<li>\n<p>        <img decoding=\"async\" src=\"\/wp-content\/uploads\/2026\/01\/Bergkristallhumpen-um-1860-scaled.jpg\" alt=\"Bergkristallhumpen-um-1860\"><\/p>\n<h3>Bergkristall Humpen um 1860<\/h3>\n<div>\n<p>Bergkristall Humpen um 1860, feuervergoldete Silbermontierung, H. 20 cm<\/p>\n<\/div>\n<\/li>\n<\/ul>\n<p><p>\n        <a href=\"\/objekte\/\">Alle Ansehen<\/a>\n    <\/p>\n<\/p>\n<h2>Neuigkeiten<\/h2>\n<div>\n<\/div>\n<p><p>\n        <a href=\"\/de\/news\/\">Alle Anzeigen<\/a>\n    <\/p>\n<\/p>\n<h2>\n<p>Katalog 2026<\/p>\n<\/h2>\n<p><img decoding=\"async\" src=\"\/wp-content\/uploads\/2026\/01\/2026-Catalogue-Faience-Stoneware-Works-of-Art-Peter-Vogt-Antiques-Munich.jpg\" alt=\"2026-Catalogue-Faience-Stoneware-Works-of-Art-Peter-Vogt-Antiques-Munich\"><\/p>\n<h3>\n<p class=\"uk-margin-remove-vertical\" data-id=\"page#1-0-1-1\">Fayence und Steinzeug, Objekte aus vier Jahrhunderten<\/p>\n<\/h3>\n<p><p>\n        <a href=\"\/wp-content\/uploads\/2026\/01\/Catalogue-2026-Faience-Stoneware-works-of-art-Peter-Vogt-Antiques-Munich.pdf\">Herunterladen<\/a>\n    <\/p>\n<\/p>\n<p><p>\n        <a href=\"\/kataloge\/\">Alle Anzeigen<\/a>\n    <\/p>\n<\/p>\n<p><!--more--><br \/>\n<!-- {\"type\":\"layout\",\"children\":[{\"type\":\"section\",\"props\":{\"image_position\":\"center-center\",\"padding\":\"large\",\"padding_remove_bottom\":false,\"style\":\"default\",\"title_breakpoint\":\"xl\",\"title_position\":\"top-left\",\"title_rotation\":\"left\",\"vertical_align\":\"\",\"width\":\"large\"},\"children\":[{\"type\":\"row\",\"children\":[{\"type\":\"column\",\"props\":{\"image_position\":\"center-center\",\"position_sticky_breakpoint\":\"m\",\"width_medium\":\"1-1\"},\"children\":[{\"type\":\"headline\",\"props\":{\"content\":\"Peter Vogt<br \\\/>Antiquit\\u00e4ten im Rathaus M\\u00fcnchen\",\"content_en_us\":\"Peter Vogt<br \\\/>Antiques Munich City Hall\",\"title_element\":\"h1\",\"title_style\":\"heading-medium\"}},{\"type\":\"headline\",\"props\":{\"content\":\"Fayence und Steinzeug aus vier Jahrhunderten\",\"content_en_us\":\"Antique European Ceramics and Works of Art\",\"title_element\":\"h2\",\"title_style\":\"h4\"}}]}]}],\"name\":\"Hero\"},{\"type\":\"section\",\"props\":{\"animation_delay\":\"200\",\"image_position\":\"center-center\",\"padding\":\"large\",\"padding_remove_bottom\":true,\"style\":\"muted\",\"title_breakpoint\":\"xl\",\"title_position\":\"top-left\",\"title_rotation\":\"left\",\"vertical_align\":\"\",\"width\":\"large\"},\"children\":[{\"type\":\"row\",\"children\":[{\"type\":\"column\",\"props\":{\"image_position\":\"center-center\",\"position_sticky_breakpoint\":\"m\",\"width_medium\":\"1-1\"},\"children\":[{\"type\":\"headline\",\"props\":{\"content\":\"Highlights aus unserem Angebot\",\"content_en_us\":\"Highlights of our collection\",\"margin\":\"large\",\"title_element\":\"h2\",\"title_style\":\"h1\"}},{\"type\":\"gallery\",\"props\":{\"content_display\":\"lightbox\",\"filter\":false,\"filter_align\":\"center\",\"filter_all\":true,\"filter_grid_breakpoint\":\"m\",\"filter_grid_width\":\"auto\",\"filter_position\":\"top\",\"filter_style\":\"subnav-divider\",\"grid_default\":\"1\",\"grid_masonry\":false,\"grid_medium\":\"3\",\"grid_parallax\":\"0\",\"item_animation\":true,\"lightbox\":true,\"lightbox_bg_close\":true,\"link_style\":\"default\",\"link_text\":\"Details\",\"margin\":\"default\",\"meta_align\":\"below-title\",\"meta_element\":\"div\",\"meta_style\":\"text-meta\",\"overlay_hover\":false,\"overlay_link\":false,\"overlay_margin\":\"small\",\"overlay_mode\":\"caption\",\"overlay_position\":\"bottom\",\"overlay_style\":\"overlay-default\",\"overlay_transition\":\"fade\",\"parallax_easing\":\"1\",\"show_content\":true,\"show_hover_image\":true,\"show_hover_video\":true,\"show_link\":true,\"show_meta\":true,\"show_title\":true,\"text_align\":\"center\",\"text_color\":\"light\",\"title_display\":\"item\",\"title_element\":\"h3\",\"title_hover_style\":\"reset\",\"title_margin\":\"small\"},\"children\":[{\"type\":\"gallery_item\",\"props\":{\"content\":\"\n\n<p>K\\u00fcnersberger Fayence Leuchter um 1760, mit bunten Muffelfarben bemalt, Darstellung des Sommers, H. 22 cm<\\\/p>\",\"content_en_us\":\"\n\n<p>German Kuenersberg faience candlestick circa 1760, decorated with polychrome muffle-fired colors, H. 22 cm<\\\/p>\",\"image\":\"wp-content\\\/uploads\\\/2026\\\/01\\\/Kuenersberg-Fayence-Leuchter-um-1760.jpg\",\"image_alt\":\"Kuenersberg-Fayence-Leuchter-um-1760\",\"image_alt_en_us\":\"german-kuenersberg-faience-candle-stick-18th\",\"tags\":\"18. Jahrhundert\",\"tags_en_us\":\"18th century\",\"title\":\"K\\u00fcnersberg Leuchter um 1760\",\"title_en_us\":\"Kuenersberg Candlestick ca. 1760\"}},{\"type\":\"gallery_item\",\"props\":{\"content\":\"\n\n<p>N\\u00fcrnberger Hausmalerkrug signiert \\u201eAH\\u201c um 1680, die Fayence wurde von Abraham Helmhack mit bunten Muffelfarben bemalt, Silbermontierung, H. 29 cm<\\\/p>\",\"content_en_us\":\"\n\n<p>Nuremberg Faience Hausmaler jug signed \\\"AH\\\" ca.1680, the object was decorated by Abraham Helmhack with polychrome muffle-fired colors, silver mounting, H. 29 cm<\\\/p>\",\"image\":\"wp-content\\\/uploads\\\/2026\\\/01\\\/nuremberg-faience-hausmaler-jug-helmhack-17th-century-scaled.jpg\",\"image_alt\":\"nuremberg-faience-hausmaler-jug-helmhack-17th-century\",\"image_alt_en_us\":\"nuremberg-faience-hausmaler-jug-helmhack-17th-century\",\"tags\":\"17. Janrhundert, Hausmaler\",\"tags_en_us\":\"17th century, Hausmaler\",\"title\":\"N\\u00fcrnberg Hausmalerkrug um 1680\",\"title_en_us\":\"Nuremberg Hausmaler Jug ca. 1680\"}},{\"type\":\"gallery_item\",\"props\":{\"content\":\"\n\n<p>K\\u00fcnersberger Jagdflasche um 1760, die mit bunten Muffelfarben bemalt ist, H. 22 cm\\u00a0<br \\\/>Abgebildet im Ausstellungs-Katalog 1995: \\u201e250 Jahre K\\u00fcnersberger Fayencen\\u201c, Seite 193\\u00a0<\\\/p>\",\"content_en_us\":\"\n\n<p><span>German Faience Kuenersberg Hunting Bottle ca. 1760, with hunter, hound, fox and duck in polychrome decoration , H. 22 cm\\u00a0<\\\/span><\\\/p>\",\"image\":\"wp-content\\\/uploads\\\/2024\\\/01\\\/kuenersberg-fayence-jagd-flasche-1760.jpg\",\"image_alt\":\"kuenersberg-fayence-jagd-flasche-1760\",\"image_alt_en_us\":\"german-faience-kuenersberg-hunting-bottle-18th-century\",\"tags\":\"18. Jahrhundert, Jagd\",\"tags_en_us\":\"18th century, hunting\",\"title\":\"K\\u00fcnersberg Jagdflasche ca. 1760\",\"title_en_us\":\"Kuenersberg Hunting Bottle ca. 1760\"}},{\"type\":\"gallery_item\",\"props\":{\"content\":\"\n\n<p>Raerener Steinzeug Schnelle 1580 datiert, Auflage mit Wappen des Herzogs Johann von Stettin und Pommern, H. 33 cm<\\\/p>\",\"content_en_us\":\"\n\n<p>Raeren Armorial Stoneware flagon dated 1580, application coat of arms of Duke Johann of Stettin and Pomerania, H. 33 cm<\\\/p>\",\"image\":\"wp-content\\\/uploads\\\/2026\\\/01\\\/raeren-stoneware-schnelle-armorial-dated-1580-scaled.jpg\",\"image_alt\":\"raeren-steinzeug-schnelle-wappen-datiert-1580-\",\"image_alt_en_us\":\"raeren-stoneware-schnelle-armorial-dated-1580\",\"tags\":\"16. Jahrhundert\",\"tags_en_us\":\"16th century\",\"title\":\"Raeren Schnelle 1580 datiert\",\"title_en_us\":\"Raeren Schnelle dated 1580\"}},{\"type\":\"gallery_item\",\"props\":{\"content\":\"\n\n<p>Westerw\\u00e4lder Steinzeugflasche um 1680, verziert mit einem Herrscherpaar mit Zepter, H. 21 cm<\\\/p>\",\"content_en_us\":\"\n\n<p>Westerwald Pilgrim Bottle ca. 1680, stoneware decorated with a sovereign couple holding scepters, H. 21 cm<\\\/p>\",\"image\":\"wp-content\\\/uploads\\\/2026\\\/01\\\/westerwald-stoneware-pilgrims-bottle-ca.1680.jpg\",\"image_alt\":\"westerwald-steinzeug-pilger-flasche-ca.1680\",\"image_alt_en_us\":\"westerwald-stoneware-pilgrims-bottle-ca.1680\",\"tags\":\"17. Jahrhundert\",\"tags_en_us\":\"17th century\",\"title\":\"Westerwald Pilgerflasche um 1680\",\"title_en_us\":\"Westerwald Pilgrim Bottle ca. 1680\"}},{\"type\":\"gallery_item\",\"props\":{\"content\":\"Siegburger Wappenschnelle 1574 datiert, Auflagen signiert \\u201eLW\\u201c f\\u00fcr Laurenz Wolter, H. 35 cm\\nProvenienz: Aus der Kunst-Sammlung von Leopold Blumka, New York\\n\",\"content_en_us\":\"Siegburg Armorial Stoneware flagon dated 1574, applications signed \\u201eLW\\u201c for Laurenz Wolter, H. 35 cm\\nProvenance:Collection Leopold Blumka, New York\",\"image\":\"wp-content\\\/uploads\\\/2025\\\/01\\\/16-th-century-siegburg-stoneware-schnelle-flagon-armorial-scaled.jpg\",\"image_alt\":\"siegburg-wappen-schnelle-wolters-16-jh\",\"image_alt_en_us\":\"16-th-century-siegburg-stoneware-schnelle-flagon-armorial\",\"status\":\"disabled\",\"tags_en_us\":\"16th century\",\"title\":\"Siegburg Schnelle 1574 datiert\",\"title_en_us\":\"Siegburg Schnelle dated 1574\"}},{\"type\":\"gallery_item\",\"props\":{\"content\":\"\n\n<p>Westerw\\u00e4lder Steinzeugkrug 1637 datiert, Auflagen mit Stegkanne und Signatur \\u201eIA ML\\u201c, H. 22 cm<\\\/p>\",\"content_en_us\":\"\n\n<p>Westerwald stoneware jug dated 1637, applied decoration application with \\\"Stegkanne\\\" and signature \\\"IA ML\\\", H. 22 cm<\\\/p>\",\"image\":\"wp-content\\\/uploads\\\/2026\\\/01\\\/Westerwald-Steinzeugkrug-1637-datiert-scaled.jpg\",\"image_alt\":\"Westerwald-Steinzeugkrug-1637-datiert\",\"image_alt_en_us\":\"17th-century-westerwald-armorial-stoneware-jug\",\"tags\":\"17. Jahrhundert\",\"tags_en_us\":\"17th century\",\"title\":\"Westerwald Steinzeugkrug 1637 datiert\",\"title_en_us\":\"Westerwald Stoneware Jug dated 1637\"}},{\"type\":\"gallery_item\",\"props\":{\"content\":\"\n\n<p><span>N\\u00fcrnberger Hafnerkrug um 1560, aus der Werkstatt von Paul Preuning, H. 35 cm\\u00a0<\\\/span><br \\\/><span>Provenienz: Aus der Kunst-Sammlung von Leopold Blumka, New York\\u00a0<\\\/span><\\\/p>\",\"content_en_us\":\"\n\n<p><span>Large german Nuremberg hafnerware jug attributed to the workshop of Paul Preuning ca. 1560, H. 35 cm<\\\/span><br \\\/><span>Provenance: Leopold Blumka Collection New York<\\\/span><\\\/p>\",\"image\":\"wp-content\\\/uploads\\\/2024\\\/01\\\/nuernberg-preuning-hafner-krug-1560.jpg\",\"image_alt\":\"nuernberg-preuning-hafner-krug-1560\",\"image_alt_en_us\":\"german-nuremberg-hafnerware-preuning-16th-century\",\"tags\":\"16. Jahrhundert\",\"tags_en_us\":\"16th century\",\"title\":\"N\\u00fcrnberg Hafnerkrug um 1560\",\"title_en_us\":\"Nuremberg Hafnerware Jug ca. 1560\"}},{\"type\":\"gallery_item\",\"props\":{\"content\":\"\n\n<p>Silberbecher aus Schw\\u00e4bisch Hall um 1580, Meister Jerg (J\\u00f6rg) Sieber 1575-1599, H. 8 cm<\\\/p>\",\"content_en_us\":\"\n\n<p>German Silver Beaker Schwaebisch Hall ca. 1580 marks of Master Jerg (J\\u00f6rg) Sieber (1575-1599), H. 8 cm<\\\/p>\",\"image\":\"wp-content\\\/uploads\\\/2026\\\/01\\\/german-silver-beaker-Schwaebisch-Hall-ca-1580.jpg\",\"image_alt\":\"silber-becher-schw\\u00e4bisch hall-um-1580-meister-jerg-sieber\",\"image_alt_en_us\":\"german-silver-beaker-Schwaebisch-Hall-ca-1580\",\"tags\":\"16. Jahrhundert\",\"tags_en_us\":\"16th century\",\"title\":\"Silberbecher Schw\\u00e4bisch Hall um 1580\",\"title_en_us\":\"Silver Beaker Schwaebisch Hall ca. 1580\"}},{\"type\":\"gallery_item\",\"props\":{\"content\":\"\n\n<p>Bergkristall Humpen um 1860, feuervergoldete Silbermontierung, H. 20 cm<\\\/p>\",\"content_en_us\":\"\n\n<p>Rock crystal beaker circa 1860, with guilded silver mounting, H. 20 cm<\\\/p>\",\"image\":\"wp-content\\\/uploads\\\/2026\\\/01\\\/Bergkristallhumpen-um-1860-scaled.jpg\",\"image_alt\":\"Bergkristallhumpen-um-1860\",\"image_alt_en_us\":\"rock-crystal-beaker-ca.-1860\",\"title\":\"Bergkristall Humpen um 1860\",\"title_en_us\":\"Rock crystal beaker circa 1860\"}},{\"type\":\"gallery_item\",\"props\":{\"content\":\"\n\n<p><span>Schlesische Hafner Platte blau glasiert mit Reliefauflagen um 1600, D. 30 cm<\\\/span><\\\/p>\",\"content_en_us\":\"\n\n<p><span>Silesia Hafnerware Relief Charger with blue glaze and relief, D. 30 cm<\\\/span><\\\/p>\",\"image\":\"wp-content\\\/uploads\\\/2022\\\/06\\\/1600-Schlesien-Hafner-Keramik-Platte-Relief.jpg\",\"image_alt\":\"Schlesien Hafner Keramik Platte Relief um 1600\",\"status\":\"disabled\",\"tags\":\"16. Jahrhundert\",\"tags_en_us\":\"16th century\",\"title\":\"Schlesische Reliefplatte um 1600\",\"title_en_us\":\"Silesia Relief Charger ca. 1600\"}},{\"type\":\"gallery_item\",\"props\":{\"content\":\"Salzburger Fayenceteller um 1675, aus der Werkstatt Thomas Obermillner, D. 32 cm\",\"content_en_us\":\"Salzburg Faience Charger ca. 1675, Workshop Thomas Obermillner, D. 32 cm\",\"image\":\"wp-content\\\/uploads\\\/2025\\\/01\\\/17th-century-salzburg-faience-plate-obermillner.jpg\",\"image_alt\":\"salzburg-fayence-teller-obermillner-17-jh\",\"image_alt_en_us\":\"17th-century-salzburg-faience-plate-obermillner\",\"status\":\"disabled\",\"tags\":\"17. Jahrhundert\",\"tags_en_us\":\"17th century\",\"title\":\"Salzburg Teller um 1675\",\"title_en_us\":\"Salzburg Charger ca. 1675\"}}],\"name\":\"Vogt Gallerie\"},{\"type\":\"button\",\"props\":{\"grid_column_gap\":\"small\",\"grid_row_gap\":\"small\",\"margin\":\"large\",\"text_align\":\"center\",\"text_align_breakpoint\":\"m\"},\"children\":[{\"type\":\"button_item\",\"props\":{\"button_style\":\"text\",\"content\":\"Alle Ansehen\",\"content_en_us\":\"Show all\",\"dialog_layout\":\"modal\",\"dialog_offcanvas_flip\":true,\"icon_align\":\"left\",\"link\":\"objekte\\\/\",\"link_en_us\":\"\\\/en\\\/objekte\\\/\"}}]}]}]}],\"name\":\"Aktuelle Stuecke\"},{\"type\":\"section\",\"props\":{\"animation_delay\":\"200\",\"image_position\":\"center-center\",\"padding\":\"large\",\"padding_remove_bottom\":true,\"style\":\"muted\",\"title_breakpoint\":\"xl\",\"title_position\":\"top-left\",\"title_rotation\":\"left\",\"vertical_align\":\"\",\"width\":\"large\"},\"children\":[{\"type\":\"row\",\"props\":{\"margin\":\"large\"},\"children\":[{\"type\":\"column\",\"props\":{\"image_position\":\"center-center\",\"position_sticky_breakpoint\":\"m\",\"width_medium\":\"1-1\"},\"children\":[{\"type\":\"headline\",\"props\":{\"content\":\"Neuigkeiten\",\"content_en_us\":\"News\",\"title_element\":\"h2\",\"title_style\":\"h1\"}}]}]},{\"type\":\"row\",\"props\":{\"column_gap\":\"large\",\"margin\":\"large\"},\"children\":[{\"type\":\"column\",\"props\":{\"image_position\":\"center-center\",\"position_sticky_breakpoint\":\"m\"},\"children\":[{\"type\":\"grid\",\"props\":{\"content_column_breakpoint\":\"m\",\"filter_align\":\"left\",\"filter_all\":true,\"filter_grid_breakpoint\":\"m\",\"filter_grid_width\":\"auto\",\"filter_position\":\"top\",\"filter_style\":\"tab\",\"grid_column_align\":false,\"grid_column_gap\":\"medium\",\"grid_default\":\"1\",\"grid_masonry\":\"next\",\"grid_medium\":\"3\",\"grid_row_align\":false,\"grid_row_gap\":\"medium\",\"grid_small\":\"2\",\"icon_width\":80,\"image_align\":\"top\",\"image_grid_breakpoint\":\"m\",\"image_grid_width\":\"1-2\",\"image_svg_color\":\"emphasis\",\"item_animation\":true,\"lightbox_bg_close\":true,\"link_margin\":\"medium\",\"link_style\":\"link-muted\",\"link_text\":\"\",\"margin\":\"default\",\"meta_align\":\"above-title\",\"meta_element\":\"div\",\"meta_style\":\"text-meta\",\"panel_image_no_padding\":true,\"panel_link\":true,\"panel_link_hover\":\"true\",\"panel_padding\":\"default\",\"panel_style\":\"card-default\",\"parallax_easing\":\"1\",\"show_content\":true,\"show_hover_image\":true,\"show_hover_video\":true,\"show_image\":true,\"show_link\":true,\"show_meta\":true,\"show_title\":true,\"show_video\":true,\"title_align\":\"top\",\"title_element\":\"h3\",\"title_grid_breakpoint\":\"m\",\"title_grid_width\":\"1-2\",\"title_hover_style\":\"reset\",\"title_style\":\"h3\"},\"children\":[{\"type\":\"grid_item\",\"source\":{\"props\":{\"title\":{\"name\":\"title\"},\"image\":{\"filters\":{\"search\":\"\"},\"name\":\"featuredImage.url\"},\"link\":{\"name\":\"link\",\"filters\":{\"search\":\"\"}},\"meta\":{\"name\":\"metaString\",\"filters\":{\"search\":\"\"},\"arguments\":{\"format\":\"list\",\"separator\":\"|\",\"link_style\":\"\",\"show_publish_date\":true,\"show_author\":false,\"date_format\":\"d F Y\",\"show_comments\":false,\"show_taxonomy\":\"category\"}},\"image_alt\":{\"filters\":{\"search\":\"\"},\"name\":\"featuredImage.alt\"},\"_condition\":{\"filters\":{\"condition\":\"!!\"},\"name\":\"featuredImage.url\"}},\"query\":{\"name\":\"posts.customPosts\",\"arguments\":{\"offset\":0,\"limit\":3,\"order\":\"date\",\"order_direction\":\"DESC\",\"terms\":[27,28,29,30,31,32,33,34],\"category_operator\":\"IN\",\"post_tag_operator\":\"IN\",\"users\":[],\"users_operator\":\"IN\"}}},\"props\":{\"link_text\":\"Weiterlesen\",\"panel_style\":\"card-default\"}}]},{\"type\":\"button\",\"props\":{\"grid_column_gap\":\"small\",\"grid_row_gap\":\"small\",\"margin\":\"large\",\"text_align\":\"center\",\"text_align_breakpoint\":\"m\"},\"children\":[{\"type\":\"button_item\",\"props\":{\"button_style\":\"text\",\"content\":\"Alle Anzeigen\",\"content_en_us\":\"Show all\",\"dialog_layout\":\"modal\",\"dialog_offcanvas_flip\":true,\"icon_align\":\"left\",\"link\":\"\\\/de\\\/news\\\/\",\"link_en_us\":\"\\\/en\\\/news\\\/\"}}]}]}]}],\"name\":\"Latest Posts\"},{\"type\":\"section\",\"props\":{\"animation_delay\":\"200\",\"image_position\":\"center-center\",\"padding\":\"large\",\"padding_remove_bottom\":false,\"style\":\"muted\",\"title_breakpoint\":\"xl\",\"title_position\":\"top-left\",\"title_rotation\":\"left\",\"vertical_align\":\"\",\"width\":\"large\"},\"children\":[{\"type\":\"row\",\"children\":[{\"type\":\"column\",\"props\":{\"image_position\":\"center-center\",\"position_sticky_breakpoint\":\"m\"},\"children\":[{\"type\":\"headline\",\"props\":{\"content\":\"\n\n<p>Katalog 2026<\\\/p>\",\"content_en_us\":\"\n\n<p class=\\\"uk-h1\\\" data-id=\\\"page#2-0-0-0\\\">Catalog 2026<\\\/p>\",\"margin\":\"remove-vertical\",\"title_element\":\"h2\",\"title_style\":\"h1\"}}]}]},{\"type\":\"row\",\"children\":[{\"type\":\"column\",\"props\":{\"image_position\":\"center-center\",\"position_sticky_breakpoint\":\"m\",\"width_medium\":\"1-3\"},\"children\":[{\"type\":\"image\",\"props\":{\"image\":\"wp-content\\\/uploads\\\/2026\\\/01\\\/2026-Catalogue-Faience-Stoneware-Works-of-Art-Peter-Vogt-Antiques-Munich.jpg\",\"image_alt\":\"2026-Catalogue-Faience-Stoneware-Works-of-Art-Peter-Vogt-Antiques-Munich\",\"image_svg_color\":\"emphasis\",\"margin\":\"default\"}}]},{\"type\":\"column\",\"props\":{\"image_position\":\"center-center\",\"position_sticky_breakpoint\":\"m\",\"width_medium\":\"2-3\"},\"children\":[{\"type\":\"headline\",\"props\":{\"content\":\"\n\n<p class=\\\"uk-margin-remove-vertical\\\" data-id=\\\"page#1-0-1-1\\\">Fayence und Steinzeug, Objekte aus vier Jahrhunderten<\\\/p>\",\"content_en_us\":\"Faience, Stoneware, Works of Art | 16th | 17th | 18th\",\"margin\":\"remove-vertical\",\"title_element\":\"h3\"}},{\"type\":\"button\",\"props\":{\"grid_column_gap\":\"small\",\"grid_row_gap\":\"small\",\"margin\":\"default\",\"position\":\"relative\",\"position_top\":\"40\"},\"children\":[{\"type\":\"button_item\",\"props\":{\"button_style\":\"primary\",\"content\":\"Herunterladen\",\"content_en_us\":\"Download\",\"dialog_layout\":\"modal\",\"dialog_offcanvas_flip\":true,\"icon\":\"file-pdf\",\"icon_align\":\"left\",\"link\":\"wp-content\\\/uploads\\\/2026\\\/01\\\/Catalogue-2026-Faience-Stoneware-works-of-art-Peter-Vogt-Antiques-Munich.pdf\",\"link_title\":\"Antiquitaeten im Rathaus Peter Vogt Katalog 2026\",\"link_title_en_us\":\"Peter Vogt Antiques Munich Faience Stoneware Works of Art\"}}]}]}],\"props\":{\"layout\":\"1-3,2-3\"}},{\"type\":\"row\",\"children\":[{\"type\":\"column\",\"props\":{\"image_position\":\"center-center\",\"position_sticky_breakpoint\":\"m\"}}]},{\"type\":\"row\",\"children\":[{\"type\":\"column\",\"props\":{\"image_position\":\"center-center\",\"position_sticky_breakpoint\":\"m\"},\"children\":[{\"type\":\"button\",\"props\":{\"grid_column_gap\":\"small\",\"grid_row_gap\":\"small\",\"margin\":\"large\",\"text_align\":\"center\",\"text_align_breakpoint\":\"m\"},\"children\":[{\"type\":\"button_item\",\"props\":{\"button_style\":\"text\",\"content\":\"Alle Anzeigen\",\"content_en_us\":\"Show all\",\"dialog_layout\":\"modal\",\"dialog_offcanvas_flip\":true,\"icon_align\":\"left\",\"link\":\"kataloge\\\/\",\"link_en_us\":\"\\\/en\\\/kataloge\\\/\",\"link_title\":\"Kataloge\",\"link_title_en_us\":\"catalogues\"}}]}]}]}],\"name\":\"Katalog\"}],\"version\":\"4.5.32\"} --><\/p>\n","protected":false},"excerpt":{"rendered":"<p>Peter VogtAntiquit\u00e4ten im Rathaus M\u00fcnchen Fayence und Steinzeug aus vier Jahrhunderten Highlights aus unserem Angebot K\u00fcnersberg Leuchter um 1760 K\u00fcnersberger Fayence Leuchter um 1760, mit bunten Muffelfarben bemalt, Darstellung des Sommers, H. 22 cm N\u00fcrnberg Hausmalerkrug um 1680 N\u00fcrnberger Hausmalerkrug signiert \u201eAH\u201c um 1680, die Fayence wurde von Abraham Helmhack mit bunten Muffelfarben bemalt, Silbermontierung, [&hellip;]<\/p>\n","protected":false},"author":1,"featured_media":0,"parent":0,"menu_order":4,"comment_status":"closed","ping_status":"closed","template":"","meta":{"footnotes":""},"class_list":["post-1","page","type-page","status-publish","hentry"],"_links":{"self":[{"href":"https:\/\/www.fayence-steinzeug-vogt.de\/de\/wp-json\/wp\/v2\/pages\/1","targetHints":{"allow":["GET"]}}],"collection":[{"href":"https:\/\/www.fayence-steinzeug-vogt.de\/de\/wp-json\/wp\/v2\/pages"}],"about":[{"href":"https:\/\/www.fayence-steinzeug-vogt.de\/de\/wp-json\/wp\/v2\/types\/page"}],"author":[{"embeddable":true,"href":"https:\/\/www.fayence-steinzeug-vogt.de\/de\/wp-json\/wp\/v2\/users\/1"}],"replies":[{"embeddable":true,"href":"https:\/\/www.fayence-steinzeug-vogt.de\/de\/wp-json\/wp\/v2\/comments?post=1"}],"version-history":[{"count":160,"href":"https:\/\/www.fayence-steinzeug-vogt.de\/de\/wp-json\/wp\/v2\/pages\/1\/revisions"}],"predecessor-version":[{"id":14075,"href":"https:\/\/www.fayence-steinzeug-vogt.de\/de\/wp-json\/wp\/v2\/pages\/1\/revisions\/14075"}],"wp:attachment":[{"href":"https:\/\/www.fayence-steinzeug-vogt.de\/de\/wp-json\/wp\/v2\/media?parent=1"}],"curies":[{"name":"wp","href":"https:\/\/api.w.org\/{rel}","templated":true}]}}