{"id":285,"date":"2015-02-09T15:39:41","date_gmt":"2015-02-09T13:39:41","guid":{"rendered":"http:\/\/www.fayence-steinzeug-vogt.de\/?page_id=285"},"modified":"2026-01-30T17:35:10","modified_gmt":"2026-01-30T16:35:10","slug":"impressum","status":"publish","type":"page","link":"https:\/\/www.fayence-steinzeug-vogt.de\/de\/impressum\/","title":{"rendered":"Impressum"},"content":{"rendered":"<h1>Impressum<\/h1>\n<div>\n<div id=\"banner\">\n<div id=\"banner-content\">\n<h3>Inhaltlich Verantwortlicher gem\u00e4\u00df \u00a7 55 Abs. 2 RStV<\/h3>\n<p><a href=\"https:\/\/stage.fayence-steinzeug-vogt.de\/wp-content\/uploads\/2015\/02\/Adresszeile-PV.jpg\"><img loading=\"lazy\" decoding=\"async\" class=\"alignnone size-full wp-image-3384\" src=\"https:\/\/stage.fayence-steinzeug-vogt.de\/wp-content\/uploads\/2015\/02\/Adresszeile-PV.jpg\" alt=\"Peter Vogt Antiquit\u00e4ten im Rathaus M\u00fcnchen\" width=\"605\" height=\"217\" srcset=\"https:\/\/www.fayence-steinzeug-vogt.de\/wp-content\/uploads\/2015\/02\/Adresszeile-PV.jpg 605w, https:\/\/www.fayence-steinzeug-vogt.de\/wp-content\/uploads\/2015\/02\/Adresszeile-PV-300x108.jpg 300w\" sizes=\"(max-width: 605px) 100vw, 605px\" \/><\/a><\/p>\n<p><strong>Peter Vogt Antiquit\u00e4ten im Rathaus M\u00fcnchen<\/strong><br \/><strong>Marienplatz 8<\/strong><br \/><strong>Zugang Landschaftstrasse<\/strong><br \/><strong>Rathaus R\u00fcckseite<\/strong><br \/><strong>80331 M\u00fcnchen<\/strong><\/p>\n<p align=\"justify\"><span><b>Gesch\u00e4ftsf\u00fchrer<br \/><\/b>Peter Vogt <\/span><\/p>\n<p align=\"justify\"><span><b>Firmensitz<br \/><\/b>M\u00fcnchen<\/span><\/p>\n<p align=\"justify\"><strong>Umsatzsteuer-Identifikationsnummer gem\u00e4\u00df \u00a7 27a<\/strong><br \/><strong>Umsatzsteuergesetz:<\/strong><br \/>DE 130 640 980<\/p>\n<p align=\"justify\"><span>\u00a9 2026 Peter Vogt Antiquit\u00e4ten M\u00fcnchen Photos und Texte<br \/><\/span><\/p>\n<h1><strong>Nutzung unserer Web-Site<\/strong><\/h1>\n<p>Die Webseiten von PETER VOGT ANTIQUIT\u00c4TEN M\u00dcNCHEN, ihre Struktur und s\u00e4mtliche darin enthaltenen Funktionalit\u00e4ten, Informationen, Daten, Texte, Bildmaterialien sowie alle zur Funktionalit\u00e4t dieser Webseiten eingesetzten Komponenten unterliegen dem gesetzlich gesch\u00fctzten Urheberrecht\u00a0von PETER VOGT ANTIQUIT\u00c4TEN M\u00dcNCHEN\u00a0oder Dritter, die\u00a0PETER VOGT ANTIQUIT\u00c4TEN M\u00dcNCHEN\u00a0das Recht zur Ver\u00f6ffentlichung gew\u00e4hrt haben. Der Besucher unseres Online-Angebotes darf die Inhalte nur im Rahmen der angebotenen Funktionalit\u00e4ten der Webseiten f\u00fcr seinen pers\u00f6nlichen Gebrauch nutzen, er erwirbt keinerlei Rechte an den Inhalten und Programmen.<\/p>\n<h1><a href=\"https:\/\/stage.fayence-steinzeug-vogt.de\/datenschutzerklaerung\/\" target=\"_blank\" rel=\"noopener\">Datenschutzerkl\u00e4rung<\/a><\/h1>\n<p>Der Schutz Ihrer pers\u00f6nlichen Daten ist ein Grundprinzip unserer Gesch\u00e4ftst\u00e4tigkeit.<br \/>Ausf\u00fchrliche Informationen finden Sie auf unserer Seite <a href=\"https:\/\/www.fayence-steinzeug-vogt.de\/datenschutzerklaerung\/\" target=\"_blank\" rel=\"noopener\"><strong>DATENSCHUTZERKL\u00c4RUNG<\/strong><\/a><\/p>\n<\/div>\n<\/div>\n<h2>Personenbezogene Daten<\/h2>\n<p>Ohne Ihre Zustimmung sammeln wir \u00fcber unsere Websites keinerlei personenbezogene Daten. Allein Sie entscheiden dar\u00fcber, ob Sie uns, etwa im Rahmen des newsletters o.\u00e4., diese Daten bekannt geben wollen oder nicht.<\/p>\n<h2>E-Mail-Newsletter<\/h2>\n<p>Sofern Sie uns die Erlaubnis dazu erteilt haben, schicken wir Ihnen nach Ihrer Registrierung auf der Website Informationen per E-Mail zu.<br \/>Den E-Mail-Newsletter k\u00f6nnen Sie jederzeit mit nur einem Mausklick wieder abbestellen.<\/p>\n<h1><strong>Haftungshinweis<\/strong><\/h1>\n<h2>Inhalt des Onlineangebotes<\/h2>\n<p>Alle in unseren Internetseiten enthaltenen Informationen sind ein Service von PETER VOGT ANTIQUIT\u00c4TEN M\u00dcNCHEN. Trotz sorgf\u00e4ltiger Beschaffung und Bereitstellung der Informationen \u00fcbernehmen wir keine Haftung f\u00fcr die Richtigkeit, Vollst\u00e4ndigkeit und Aktualit\u00e4t der im Rahmen des Informationsservices zum Abruf bereitgehaltenen und angezeigten Inhalte. Der Autor beh\u00e4lt es sich ausdr\u00fccklich vor, Teile der Seiten oder das gesamte Angebot ohne gesonderte Ank\u00fcndigung zu ver\u00e4ndern, zu erg\u00e4nzen, zu l\u00f6schen oder die Ver\u00f6ffentlichung zeitweise oder endg\u00fcltig einzustellen. Die zum Abruf bereitgehaltenen und angezeigten Inhalte dienen ausschlie\u00dflich der Information der Besucher unseres Online-Angebotes und stellen keine Beratung oder sonstige Empfehlung dar.<\/p>\n<p>Haftungsanspr\u00fcche gegen den Autor, welche sich auf Sch\u00e4den materieller oder ideeller Art beziehen, die durch die Nutzung oder Nichtnutzung der dargebotenen Informationen bzw. durch die Nutzung fehlerhafter und unvollst\u00e4ndiger Informationen verursacht wurden, sind grunds\u00e4tzlich ausgeschlossen, sofern seitens des Autors kein nachweislich vors\u00e4tzliches oder grob fahrl\u00e4ssiges Verschulden vorliegt.<\/p>\n<h2>Verweise und Links<\/h2>\n<p>Trotz sorgf\u00e4ltiger inhaltlicher Kontrolle \u00fcbernehmen wir keine Haftung f\u00fcr die Inhalte externer Links. F\u00fcr den Inhalt der verlinkten Seiten sind ausschlie\u00dflich deren Betreiber verantwortlich. Wir betonen ausdr\u00fccklich, dass wir keinen Einfluss auf die Gestaltung und den Inhalt der Seiten haben, auf die verlinkt wird. Wir k\u00f6nnen daher auch keine Gew\u00e4hr f\u00fcr die Aktualit\u00e4t, Korrektheit, Vollst\u00e4ndigkeit oder Qualit\u00e4t der dort bereitgestellten Informationen \u00fcbernehmen.<br \/>Deshalb distanzieren wir uns hiermit ausdr\u00fccklich von allen Inhalten dieser Seiten.<br \/>Diese Feststellung gilt f\u00fcr alle innerhalb des eigenen Internetangebotes gesetzten Links und Verweise sowie f\u00fcr Fremdeintr\u00e4ge in vom Autor eingerichteten G\u00e4steb\u00fcchern, Diskussionsforen, Linkverzeichnissen, Mailinglisten und in allen anderen Formen von Datenbanken, auf deren Inhalt externe Schreibzugriffe m\u00f6glich sind. F\u00fcr illegale, fehlerhafte oder unvollst\u00e4ndige Inhalte und insbesondere f\u00fcr Sch\u00e4den, die aus der Nutzung oder Nichtnutzung solcherart dargebotener Informationen entstehen, haftet allein der Anbieter der Seite, auf welche verwiesen wurde, nicht derjenige, der \u00fcber Links auf die jeweilige Ver\u00f6ffentlichung lediglich verweist.<\/p>\n<\/div>\n<p><!--more--><br \/>\n<!-- {\"type\":\"layout\",\"children\":[{\"type\":\"section\",\"props\":{\"image_position\":\"center-center\",\"style\":\"default\",\"title_breakpoint\":\"xl\",\"title_position\":\"top-left\",\"title_rotation\":\"left\",\"vertical_align\":\"\",\"width\":\"default\"},\"children\":[{\"type\":\"row\",\"children\":[{\"type\":\"column\",\"props\":{\"image_position\":\"center-center\",\"position_sticky_breakpoint\":\"m\"},\"children\":[{\"type\":\"headline\",\"props\":{\"content\":\"Impressum\",\"content_en_us\":\"Imprint\",\"title_element\":\"h1\"}}]}]}]},{\"type\":\"section\",\"props\":{\"image_position\":\"center-center\",\"style\":\"muted\",\"title_breakpoint\":\"xl\",\"title_position\":\"top-left\",\"title_rotation\":\"left\",\"vertical_align\":\"\",\"width\":\"default\"},\"children\":[{\"type\":\"row\",\"children\":[{\"type\":\"column\",\"props\":{\"image_position\":\"center-center\",\"position_sticky_breakpoint\":\"m\"},\"children\":[{\"type\":\"text\",\"props\":{\"column_breakpoint\":\"m\",\"content\":\"\n\n<div id=\\\"banner\\\">\\n\n\n<div id=\\\"banner-content\\\">\\n\n\n<h3>Inhaltlich Verantwortlicher gem\\u00e4\\u00df \\u00a7 55 Abs. 2 RStV<\\\/h3>\\n\n\n<p><a href=\\\"https:\\\/\\\/stage.fayence-steinzeug-vogt.de\\\/wp-content\\\/uploads\\\/2015\\\/02\\\/Adresszeile-PV.jpg\\\"><img class=\\\"alignnone size-full wp-image-3384\\\" src=\\\"https:\\\/\\\/stage.fayence-steinzeug-vogt.de\\\/wp-content\\\/uploads\\\/2015\\\/02\\\/Adresszeile-PV.jpg\\\" alt=\\\"Peter Vogt Antiquit\\u00e4ten im Rathaus M\\u00fcnchen\\\" width=\\\"605\\\" height=\\\"217\\\" \\\/><\\\/a><\\\/p>\\n\n\n<p><strong>Peter Vogt Antiquit\\u00e4ten im Rathaus M\\u00fcnchen<\\\/strong><br \\\/><strong>Marienplatz 8<\\\/strong><br \\\/><strong>Zugang Landschaftstrasse<\\\/strong><br \\\/><strong>Rathaus R\\u00fcckseite<\\\/strong><br \\\/><strong>80331 M\\u00fcnchen<\\\/strong><\\\/p>\\n\n\n<p align=\\\"justify\\\"><span><b>Gesch\\u00e4ftsf\\u00fchrer<br \\\/><\\\/b>Peter Vogt <\\\/span><\\\/p>\\n\n\n<p align=\\\"justify\\\"><span><b>Firmensitz<br \\\/><\\\/b>M\\u00fcnchen<\\\/span><\\\/p>\\n\n\n<p align=\\\"justify\\\"><strong>Umsatzsteuer-Identifikationsnummer gem\\u00e4\\u00df \\u00a7 27a<\\\/strong><br \\\/><strong>Umsatzsteuergesetz:<\\\/strong><br \\\/>DE 130 640 980<\\\/p>\\n\n\n<p align=\\\"justify\\\"><span>\\u00a9 2026 Peter Vogt Antiquit\\u00e4ten M\\u00fcnchen Photos und Texte<br \\\/><\\\/span><\\\/p>\\n\n\n<h1><strong>Nutzung unserer Web-Site<\\\/strong><\\\/h1>\\n\n\n<p>Die Webseiten von PETER VOGT ANTIQUIT\\u00c4TEN M\\u00dcNCHEN, ihre Struktur und s\\u00e4mtliche darin enthaltenen Funktionalit\\u00e4ten, Informationen, Daten, Texte, Bildmaterialien sowie alle zur Funktionalit\\u00e4t dieser Webseiten eingesetzten Komponenten unterliegen dem gesetzlich gesch\\u00fctzten Urheberrecht\\u00a0von PETER VOGT ANTIQUIT\\u00c4TEN M\\u00dcNCHEN\\u00a0oder Dritter, die\\u00a0PETER VOGT ANTIQUIT\\u00c4TEN M\\u00dcNCHEN\\u00a0das Recht zur Ver\\u00f6ffentlichung gew\\u00e4hrt haben. Der Besucher unseres Online-Angebotes darf die Inhalte nur im Rahmen der angebotenen Funktionalit\\u00e4ten der Webseiten f\\u00fcr seinen pers\\u00f6nlichen Gebrauch nutzen, er erwirbt keinerlei Rechte an den Inhalten und Programmen.<\\\/p>\\n\n\n<h1><a href=\\\"https:\\\/\\\/stage.fayence-steinzeug-vogt.de\\\/datenschutzerklaerung\\\/\\\" target=\\\"_blank\\\" rel=\\\"noopener\\\">Datenschutzerkl\\u00e4rung<\\\/a><\\\/h1>\\n\n\n<p>Der Schutz Ihrer pers\\u00f6nlichen Daten ist ein Grundprinzip unserer Gesch\\u00e4ftst\\u00e4tigkeit.<br \\\/>Ausf\\u00fchrliche Informationen finden Sie auf unserer Seite <a href=\\\"https:\\\/\\\/www.fayence-steinzeug-vogt.de\\\/datenschutzerklaerung\\\/\\\" target=\\\"_blank\\\" rel=\\\"noopener\\\"><strong>DATENSCHUTZERKL\\u00c4RUNG<\\\/strong><\\\/a><\\\/p>\\n<\\\/div>\\n<\\\/div>\\n\n\n<h2>Personenbezogene Daten<\\\/h2>\\n\n\n<p>Ohne Ihre Zustimmung sammeln wir \\u00fcber unsere Websites keinerlei personenbezogene Daten. Allein Sie entscheiden dar\\u00fcber, ob Sie uns, etwa im Rahmen des newsletters o.\\u00e4., diese Daten bekannt geben wollen oder nicht.<\\\/p>\\n\n\n<h2>E-Mail-Newsletter<\\\/h2>\\n\n\n<p>Sofern Sie uns die Erlaubnis dazu erteilt haben, schicken wir Ihnen nach Ihrer Registrierung auf der Website Informationen per E-Mail zu.<br \\\/>Den E-Mail-Newsletter k\\u00f6nnen Sie jederzeit mit nur einem Mausklick wieder abbestellen.<\\\/p>\\n\n\n<h1><strong>Haftungshinweis<\\\/strong><\\\/h1>\\n\n\n<h2>Inhalt des Onlineangebotes<\\\/h2>\\n\n\n<p>Alle in unseren Internetseiten enthaltenen Informationen sind ein Service von PETER VOGT ANTIQUIT\\u00c4TEN M\\u00dcNCHEN. Trotz sorgf\\u00e4ltiger Beschaffung und Bereitstellung der Informationen \\u00fcbernehmen wir keine Haftung f\\u00fcr die Richtigkeit, Vollst\\u00e4ndigkeit und Aktualit\\u00e4t der im Rahmen des Informationsservices zum Abruf bereitgehaltenen und angezeigten Inhalte. Der Autor beh\\u00e4lt es sich ausdr\\u00fccklich vor, Teile der Seiten oder das gesamte Angebot ohne gesonderte Ank\\u00fcndigung zu ver\\u00e4ndern, zu erg\\u00e4nzen, zu l\\u00f6schen oder die Ver\\u00f6ffentlichung zeitweise oder endg\\u00fcltig einzustellen. Die zum Abruf bereitgehaltenen und angezeigten Inhalte dienen ausschlie\\u00dflich der Information der Besucher unseres Online-Angebotes und stellen keine Beratung oder sonstige Empfehlung dar.<\\\/p>\\n\n\n<p>Haftungsanspr\\u00fcche gegen den Autor, welche sich auf Sch\\u00e4den materieller oder ideeller Art beziehen, die durch die Nutzung oder Nichtnutzung der dargebotenen Informationen bzw. durch die Nutzung fehlerhafter und unvollst\\u00e4ndiger Informationen verursacht wurden, sind grunds\\u00e4tzlich ausgeschlossen, sofern seitens des Autors kein nachweislich vors\\u00e4tzliches oder grob fahrl\\u00e4ssiges Verschulden vorliegt.<\\\/p>\\n\n\n<h2>Verweise und Links<\\\/h2>\\n\n\n<p>Trotz sorgf\\u00e4ltiger inhaltlicher Kontrolle \\u00fcbernehmen wir keine Haftung f\\u00fcr die Inhalte externer Links. F\\u00fcr den Inhalt der verlinkten Seiten sind ausschlie\\u00dflich deren Betreiber verantwortlich. Wir betonen ausdr\\u00fccklich, dass wir keinen Einfluss auf die Gestaltung und den Inhalt der Seiten haben, auf die verlinkt wird. Wir k\\u00f6nnen daher auch keine Gew\\u00e4hr f\\u00fcr die Aktualit\\u00e4t, Korrektheit, Vollst\\u00e4ndigkeit oder Qualit\\u00e4t der dort bereitgestellten Informationen \\u00fcbernehmen.<br \\\/>Deshalb distanzieren wir uns hiermit ausdr\\u00fccklich von allen Inhalten dieser Seiten.<br \\\/>Diese Feststellung gilt f\\u00fcr alle innerhalb des eigenen Internetangebotes gesetzten Links und Verweise sowie f\\u00fcr Fremdeintr\\u00e4ge in vom Autor eingerichteten G\\u00e4steb\\u00fcchern, Diskussionsforen, Linkverzeichnissen, Mailinglisten und in allen anderen Formen von Datenbanken, auf deren Inhalt externe Schreibzugriffe m\\u00f6glich sind. F\\u00fcr illegale, fehlerhafte oder unvollst\\u00e4ndige Inhalte und insbesondere f\\u00fcr Sch\\u00e4den, die aus der Nutzung oder Nichtnutzung solcherart dargebotener Informationen entstehen, haftet allein der Anbieter der Seite, auf welche verwiesen wurde, nicht derjenige, der \\u00fcber Links auf die jeweilige Ver\\u00f6ffentlichung lediglich verweist.<\\\/p>\",\"content_en_us\":\"\n\n<p><strong>Person Responsible for Content according to \\u00a7 55 Para. 2 RStV<\\\/strong> <br \\\/>Peter Vogt Antiquit\\u00e4ten im Rathaus M\\u00fcnchen<\\\/p>\\n\n\n<p>Peter Vogt Antiquit\\u00e4ten im Rathaus\\u00a0<br \\\/>Marienplatz 8<br \\\/>80331 Munich<\\\/p>\\n\n\n<p><strong>Managing Director<\\\/strong> Peter Vogt<\\\/p>\\n\n\n<p><strong>Registered Office<\\\/strong> Munich<\\\/p>\\n\n\n<p><strong>VAT Identification Number according to \\u00a7 27a<\\\/strong> <strong>Value Added Tax Act:<\\\/strong> DE 130 640 980<\\\/p>\\n\n\n<p>\\u00a9 2026 Peter Vogt Antiquit\\u00e4ten M\\u00fcnchen Photos and Texts<\\\/p>\\n\n\n<p><strong>Use of our Website<\\\/strong> The webpages of PETER VOGT ANTIQUIT\\u00c4TEN M\\u00dcNCHEN, their structure and all functionalities, information, data, texts, images contained therein, as well as all components used for the functionality of these webpages are subject to the legally protected copyright of PETER VOGT ANTIQUIT\\u00c4TEN M\\u00dcNCHEN or third parties who have granted PETER VOGT ANTIQUIT\\u00c4TEN M\\u00dcNCHEN the right to publish. Visitors to our online offering may only use the content within the scope of the offered functionalities of the webpages for their personal use; they acquire no rights to the content and programs.<\\\/p>\\n\n\n<p><strong>Privacy Policy<\\\/strong> The protection of your personal data is a fundamental principle of our business activities. Detailed information can be found on our PRIVACY POLICY page.<\\\/p>\\n\n\n<p><strong>Personal Data<\\\/strong> Without your consent, we do not collect any personal data via our websites. You alone decide whether you wish to disclose this data to us, for example in the context of the newsletter or similar.<\\\/p>\\n\n\n<p><strong>Email Newsletter<\\\/strong> If you have given us permission to do so, we will send you information by email after your registration on the website. You can unsubscribe from the email newsletter at any time with just one click.<\\\/p>\\n\n\n<p><strong>Liability Notice<\\\/strong><\\\/p>\\n\n\n<p><strong>Content of the Online Offering<\\\/strong> All information contained in our web pages is a service of PETER VOGT ANTIQUIT\\u00c4TEN M\\u00dcNCHEN. Despite careful procurement and provision of information, we accept no liability for the accuracy, completeness and timeliness of the content held and displayed for retrieval as part of the information service. The author expressly reserves the right to change, supplement, delete parts of the pages or the entire offering without separate notice, or to discontinue publication temporarily or permanently. The content held and displayed for retrieval serves exclusively to inform visitors to our online offering and does not constitute advice or other recommendation.<\\\/p>\\n\n\n<p>Claims for liability against the author relating to material or non-material damage caused by the use or non-use of the information provided or by the use of incorrect or incomplete information are generally excluded, unless the author can be proven to have acted with intent or gross negligence.<\\\/p>\\n\n\n<p><strong>References and Links<\\\/strong> Despite careful content control, we accept no liability for the content of external links. The operators of the linked pages are exclusively responsible for their content. We expressly emphasize that we have no influence on the design and content of the pages to which links are made. We therefore cannot guarantee the timeliness, correctness, completeness or quality of the information provided there. We therefore expressly distance ourselves from all content on these pages. This statement applies to all links and references set within our own website as well as to third-party entries in guest books, discussion forums, link directories, mailing lists and all other forms of databases set up by the author, to whose content external write access is possible. The provider of the page to which reference was made, not the person who merely refers to the respective publication via links, is solely liable for illegal, incorrect or incomplete content and in particular for damages arising from the use or non-use of such information.<\\\/p>\",\"margin\":\"default\"}}]}]}]}],\"version\":\"4.5.32\"} --><\/p>\n","protected":false},"excerpt":{"rendered":"<p>Impressum Inhaltlich Verantwortlicher gem\u00e4\u00df \u00a7 55 Abs. 2 RStV Peter Vogt Antiquit\u00e4ten im Rathaus M\u00fcnchenMarienplatz 8Zugang LandschaftstrasseRathaus R\u00fcckseite80331 M\u00fcnchen Gesch\u00e4ftsf\u00fchrerPeter Vogt FirmensitzM\u00fcnchen Umsatzsteuer-Identifikationsnummer gem\u00e4\u00df \u00a7 27aUmsatzsteuergesetz:DE 130 640 980 \u00a9 2026 Peter Vogt Antiquit\u00e4ten M\u00fcnchen Photos und Texte Nutzung unserer Web-Site Die Webseiten von PETER VOGT ANTIQUIT\u00c4TEN M\u00dcNCHEN, ihre Struktur und s\u00e4mtliche darin enthaltenen Funktionalit\u00e4ten, [&hellip;]<\/p>\n","protected":false},"author":1,"featured_media":0,"parent":0,"menu_order":0,"comment_status":"closed","ping_status":"closed","template":"","meta":{"footnotes":""},"class_list":["post-285","page","type-page","status-publish","hentry"],"_links":{"self":[{"href":"https:\/\/www.fayence-steinzeug-vogt.de\/de\/wp-json\/wp\/v2\/pages\/285","targetHints":{"allow":["GET"]}}],"collection":[{"href":"https:\/\/www.fayence-steinzeug-vogt.de\/de\/wp-json\/wp\/v2\/pages"}],"about":[{"href":"https:\/\/www.fayence-steinzeug-vogt.de\/de\/wp-json\/wp\/v2\/types\/page"}],"author":[{"embeddable":true,"href":"https:\/\/www.fayence-steinzeug-vogt.de\/de\/wp-json\/wp\/v2\/users\/1"}],"replies":[{"embeddable":true,"href":"https:\/\/www.fayence-steinzeug-vogt.de\/de\/wp-json\/wp\/v2\/comments?post=285"}],"version-history":[{"count":9,"href":"https:\/\/www.fayence-steinzeug-vogt.de\/de\/wp-json\/wp\/v2\/pages\/285\/revisions"}],"predecessor-version":[{"id":14208,"href":"https:\/\/www.fayence-steinzeug-vogt.de\/de\/wp-json\/wp\/v2\/pages\/285\/revisions\/14208"}],"wp:attachment":[{"href":"https:\/\/www.fayence-steinzeug-vogt.de\/de\/wp-json\/wp\/v2\/media?parent=285"}],"curies":[{"name":"wp","href":"https:\/\/api.w.org\/{rel}","templated":true}]}}