{"id":19,"date":"2020-01-17T08:52:22","date_gmt":"2020-01-17T07:52:22","guid":{"rendered":"http:\/\/yootheme.markusweidemann.de\/?p=19"},"modified":"2023-03-16T20:56:25","modified_gmt":"2023-03-16T19:56:25","slug":"kontakt","status":"publish","type":"page","link":"https:\/\/www.fayence-steinzeug-vogt.de\/en\/kontakt\/","title":{"rendered":"Kontakt"},"content":{"rendered":"<h1>Kontakt<\/h1>\n<div>\n<p>Bitte melden Sie sich telefonisch an, wenn Sie einen Besuch bei uns planen. Dann k\u00f6nnen wir Sie pers\u00f6nlich zu Ihrem Wunschtermin empfangen.<\/p>\n<p><a href=\"tel:+4989294132\">Tel: +49 (89) 29 41 32<\/a><\/p>\n<\/div>\n<h2>\n<p>Adresse<\/p>\n<\/h2>\n<ul>\n<li>\n<div>Antiquit\u00e4ten im Rathaus<\/div>\n<\/li>\n<li>\n<div>Marienplatz 8<\/div>\n<\/li>\n<li>\n<div>80331 M\u00fcnchen<\/div>\n<\/li>\n<li>\n<div>Deutschland<\/div>\n<\/li>\n<li>\n<div>\n<p>Rathaus R\u00fcckseite \u2013 Eingang Landschaftstrasse<\/p>\n<\/div>\n<\/li>\n<\/ul>\n<ul>\n<li>\n<p><a href=\"tel:+4989294132\"><\/p>\n<p>Tel: +49 (89) 29 41 32<\/p>\n<p><\/a><\/p>\n<\/li>\n<li>\n<p><a href=\"\/%20\"><\/p>\n<p>Fax: +49 (89) <span class=\"vb_faxnr\">99 95 09 04\u00a0<\/span><\/p>\n<p><\/a><\/p>\n<\/li>\n<li>\n<p><a href=\"mailto: verkauf@fayence-steinzeug-vogt.de\"> verkauf@fayence-steinzeug-vogt.de<\/a><\/p>\n<\/li>\n<li>\n<p><a href=\"https:\/\/www.fayence-steinzeug-vogt.de\">www.fayence-steinzeug-vogt.de<\/a><\/p>\n<\/li>\n<\/ul>\n<div>\n<p>48.1381,11.5765<\/p>\n<h3>Peter Vogt Antiquit\u00e4ten<\/h3>\n<div>\n<p>Zugang im Rathaus M\u00fcnchen, Marienplatz 8, 80331 M\u00fcnchen<\/p>\n<\/div>\n<\/div>\n<p><!--more--><br \/>\n<!-- {\"type\":\"layout\",\"children\":[{\"type\":\"section\",\"props\":{\"style\":\"default\",\"width\":\"large\",\"vertical_align\":\"middle\",\"title_position\":\"top-left\",\"title_rotation\":\"left\",\"title_breakpoint\":\"xl\",\"image_position\":\"center-center\",\"padding\":\"large\"},\"children\":[{\"type\":\"row\",\"children\":[{\"type\":\"column\",\"props\":{\"image_position\":\"center-center\",\"media_overlay_gradient\":\"\",\"width_medium\":\"1-1\",\"position_sticky_breakpoint\":\"m\"},\"children\":[{\"type\":\"headline\",\"props\":{\"title_element\":\"h1\",\"title_style\":\"heading-medium\",\"title_color\":\"background\",\"content\":\"Kontakt\",\"content_en_us\":\"Contact\"}},{\"type\":\"text\",\"props\":{\"margin\":\"medium\",\"column_breakpoint\":\"m\",\"text_style\":\"lead\",\"content\":\"\n\n<p>Bitte melden Sie sich telefonisch an, wenn Sie einen Besuch bei uns planen. Dann k\\u00f6nnen wir Sie pers\\u00f6nlich zu Ihrem Wunschtermin empfangen.<\\\/p>\\n\n\n<p><a href=\\\"tel:+4989294132\\\">Tel: +49 (89) 29 41 32<\\\/a><\\\/p>\",\"content_en_us\":\"\n\n<p>Please make an appointment by phone if you are planning to visit us. Then we can welcome you personally on your desired date.<\\\/p>\\n\n\n<p><a href=\\\"tel:+4989294132\\\">Tel: +49 (89) 29 41 32<\\\/a><\\\/p>\"}}]}]}],\"name\":\"Hero\"},{\"type\":\"section\",\"props\":{\"style\":\"muted\",\"width\":\"large\",\"vertical_align\":\"middle\",\"title_position\":\"top-left\",\"title_rotation\":\"left\",\"title_breakpoint\":\"xl\",\"image_position\":\"center-center\",\"padding\":\"large\",\"padding_remove_bottom\":false,\"id\":\"about\"},\"children\":[{\"type\":\"row\",\"props\":{\"layout\":\"1-3,2-3\",\"column_gap\":\"large\",\"row_gap\":\"medium\"},\"children\":[{\"type\":\"column\",\"props\":{\"image_position\":\"center-center\",\"media_overlay_gradient\":\"\",\"width_medium\":\"1-3\",\"position_sticky_breakpoint\":\"m\"},\"children\":[{\"type\":\"headline\",\"props\":{\"title_element\":\"h2\",\"title_style\":\"h3\",\"content\":\"\n\n<p>Adresse<\\\/p>\"}},{\"type\":\"list\",\"props\":{\"show_image\":true,\"show_link\":true,\"image_svg_color\":\"emphasis\",\"image_align\":\"left\",\"image_vertical_align\":true,\"link_style\":\"muted\",\"margin\":\"medium\",\"margin_remove_top\":true,\"list_size\":\"collapse\",\"list_element\":\"ul\",\"column_breakpoint\":\"m\",\"list_type\":\"vertical\",\"list_horizontal_separator\":\", \"},\"children\":[{\"type\":\"list_item\",\"props\":{\"content\":\"Antiquit\\u00e4ten im Rathaus\",\"link\":\"\"}},{\"type\":\"list_item\",\"props\":{\"content\":\"Marienplatz 8\",\"link\":\"\"}},{\"type\":\"list_item\",\"props\":{\"content\":\"80331 M\\u00fcnchen\",\"link\":\"\"}},{\"type\":\"list_item\",\"props\":{\"content\":\"Deutschland\",\"link\":\"\",\"content_en_us\":\"\n\n<p>Germany<\\\/p>\"}},{\"type\":\"list_item\",\"props\":{\"content\":\"\n\n<p><br\\\/>Rathaus R\\u00fcckseite \\u2013 Eingang Landschaftstrasse<\\\/p>\",\"link\":\"\",\"content_en_us\":\"\n\n<p><\\\/p>\\n\n\n<p>Rear of the town hall \\u2013 entrance on the Landschaftstrasse<\\\/p>\"}}]},{\"type\":\"list\",\"props\":{\"show_image\":true,\"show_link\":true,\"image_svg_color\":\"emphasis\",\"image_align\":\"left\",\"image_vertical_align\":true,\"link_style\":\"text\",\"list_size\":\"collapse\",\"list_element\":\"ul\",\"column_breakpoint\":\"m\",\"list_type\":\"vertical\",\"list_horizontal_separator\":\", \"},\"children\":[{\"type\":\"list_item\",\"props\":{\"content\":\"\n\n<p>Tel: +49 (89) 29 41 32<\\\/p>\",\"link\":\"tel:+4989294132\"}},{\"type\":\"list_item\",\"props\":{\"content\":\"\n\n<p>Fax: +49 (89) <span class=\\\"vb_faxnr\\\">99 95 09 04\\u00a0<\\\/span><\\\/p>\",\"link\":\" \"}},{\"type\":\"list_item\",\"props\":{\"content\":\" verkauf@fayence-steinzeug-vogt.de\",\"link\":\"mailto: verkauf@fayence-steinzeug-vogt.de\"}},{\"type\":\"list_item\",\"props\":{\"content\":\"www.fayence-steinzeug-vogt.de\",\"link\":\"https:\\\/\\\/www.fayence-steinzeug-vogt.de\",\"image\":\"\"}}]}]},{\"type\":\"column\",\"props\":{\"image_position\":\"center-center\",\"media_overlay_gradient\":\"\",\"width_medium\":\"2-3\",\"position_sticky_breakpoint\":\"m\"},\"children\":[{\"type\":\"map\",\"props\":{\"show_title\":true,\"show_meta\":true,\"show_content\":true,\"show_image\":true,\"show_link\":true,\"type\":\"roadmap\",\"zoom\":\"15\",\"controls\":true,\"zooming\":true,\"dragging\":true,\"min_zoom\":0,\"max_zoom\":18,\"title_hover_style\":\"reset\",\"title_element\":\"h3\",\"meta_style\":\"meta\",\"meta_align\":\"below-title\",\"meta_element\":\"div\",\"image_svg_color\":\"emphasis\",\"link_text\":\"Read more\",\"link_style\":\"default\",\"margin\":\"default\",\"styler_hue\":\"#6D2525\",\"height\":\"500px\",\"viewport_height\":\"percent\"},\"children\":[{\"type\":\"map_item\",\"props\":{\"location\":\"48.1381,11.5765\",\"content\":\"\n\n<p>Zugang im Rathaus M\\u00fcnchen, Marienplatz 8, 80331 M\\u00fcnchen<\\\/p>\",\"title\":\"Peter Vogt Antiquit\\u00e4ten\"}}],\"name\":\"Karte\"}]}]}],\"name\":\"Kontakt\"}],\"version\":\"2.7.21\"} --><\/p>\n","protected":false},"excerpt":{"rendered":"<p>Kontakt Bitte melden Sie sich telefonisch an, wenn Sie einen Besuch bei uns planen. Dann k\u00f6nnen wir Sie pers\u00f6nlich zu Ihrem Wunschtermin empfangen. Tel: +49 (89) 29 41 32 Adresse Antiquit\u00e4ten im Rathaus Marienplatz 8 80331 M\u00fcnchen Deutschland Rathaus R\u00fcckseite \u2013 Eingang Landschaftstrasse Tel: +49 (89) 29 41 32 Fax: +49 (89) 99 95 09 [&hellip;]<\/p>\n","protected":false},"author":1,"featured_media":0,"parent":0,"menu_order":3,"comment_status":"closed","ping_status":"closed","template":"","meta":{"footnotes":""},"class_list":["post-19","page","type-page","status-publish","hentry"],"_links":{"self":[{"href":"https:\/\/www.fayence-steinzeug-vogt.de\/en\/wp-json\/wp\/v2\/pages\/19","targetHints":{"allow":["GET"]}}],"collection":[{"href":"https:\/\/www.fayence-steinzeug-vogt.de\/en\/wp-json\/wp\/v2\/pages"}],"about":[{"href":"https:\/\/www.fayence-steinzeug-vogt.de\/en\/wp-json\/wp\/v2\/types\/page"}],"author":[{"embeddable":true,"href":"https:\/\/www.fayence-steinzeug-vogt.de\/en\/wp-json\/wp\/v2\/users\/1"}],"replies":[{"embeddable":true,"href":"https:\/\/www.fayence-steinzeug-vogt.de\/en\/wp-json\/wp\/v2\/comments?post=19"}],"version-history":[{"count":24,"href":"https:\/\/www.fayence-steinzeug-vogt.de\/en\/wp-json\/wp\/v2\/pages\/19\/revisions"}],"predecessor-version":[{"id":8102,"href":"https:\/\/www.fayence-steinzeug-vogt.de\/en\/wp-json\/wp\/v2\/pages\/19\/revisions\/8102"}],"wp:attachment":[{"href":"https:\/\/www.fayence-steinzeug-vogt.de\/en\/wp-json\/wp\/v2\/media?parent=19"}],"curies":[{"name":"wp","href":"https:\/\/api.w.org\/{rel}","templated":true}]}}