{"id":7919,"date":"2022-05-04T15:27:04","date_gmt":"2022-05-04T13:27:04","guid":{"rendered":"http:\/\/yootheme.markusweidemann.de\/?page_id=7919"},"modified":"2023-03-16T20:56:53","modified_gmt":"2023-03-16T19:56:53","slug":"archiv","status":"publish","type":"page","link":"https:\/\/www.fayence-steinzeug-vogt.de\/en\/archiv\/","title":{"rendered":"Archiv"},"content":{"rendered":"<h1>Archiv<\/h1>\n<ul>\n<li>\n        <a href=\"\/kataloge\/\">Kataloge<\/a>\n    <\/li>\n<li>\n        <a href=\"\/archiv-fayencen\/\">Fayencen<\/a>\n    <\/li>\n<li>\n        <a href=\"\/archiv-steinzeug\/\">Steinzeug<\/a>\n    <\/li>\n<li>\n        <a href=\"\/archiv-works-of-art\/\">Works of Art<\/a>\n    <\/li>\n<\/ul>\n<div>\n<h5>Highlights unserer verkauften Objekte aus dem 16. Jahrhundert, 17. Jahrhundert und 18. Jahrhundert<\/h5>\n<\/div>\n<h2>Fayencen<\/h2>\n<ul>\n<li>\n<p>        <img decoding=\"async\" src=\"\/wp-content\/uploads\/2019\/01\/Ansbacher-Enghalskrug-um-1740-Grune-Familie.jpg\" alt=\"Ansbacher-Enghalskrug-um-1740-Grune-Familie\"><\/p>\n<h3>Ansbach Enghalskrug um 1740 <\/h3>\n<div>\n<p>Ansbacher Enghalskrug der \u201eGr\u00fcnen Familie\u201c um 1740, bunte Muffelmalerei, H. 30 cm\u00a0<\/p>\n<\/div>\n<\/li>\n<li>\n<p>        <img decoding=\"async\" src=\"\/wp-content\/uploads\/2022\/01\/Barocker-Fayence-Hausmaler-krug-Seuter-Purpur-Malerei-18.-Jh-e1642881876222.jpg\" alt=\"Barocker-Fayence-Hausmaler-krug-Seuter-Purpur-Malerei-18.-Jh\"><\/p>\n<h3>Hausmaler Krug Seuter um 1730<\/h3>\n<div>\n<p><span>Ansbacher Enghalskrug um 1730, Augsburger Hausmaler Bartholom\u00e4us Seuter, bunte Muffelfarben und Fr\u00fchlingsg\u00f6ttin Flora in Purpur, H. 30 cm<\/span><\/p>\n<\/div>\n<\/li>\n<li>\n<p>        <img decoding=\"async\" src=\"\/wp-content\/uploads\/2019\/01\/Ansbacher-Reliefvase-Grune-Familie-um-1735.jpg\" alt=\"Ansbacher-Reliefvase-Gruene-Familie-um-1735\"><\/p>\n<h3>Ansbach Reliefvase um 1735<\/h3>\n<div>\n<p>Ansbacher Reliefvase der \u201eGr\u00fcnen Familie\u201c um 1735, die Bemalung wird Johann Wolfgang Meyerh\u00f6ffer zugeschrieben, H. 21 cm<\/p>\n<\/div>\n<\/li>\n<\/ul>\n<p>\n    <a href=\"\/archiv-fayencen\">Alle Anzeigen<\/a>\n<\/p>\n<h2>Steinzeug<\/h2>\n<ul>\n<li>\n<p>        <img decoding=\"async\" src=\"\/wp-content\/uploads\/2018\/02\/Creusener-Kurfursten-Humpen-1677-dat.jpg\" alt=\"Creussener-Kurfursten-Humpen-1677-dat\"><\/p>\n<h3>Creu\u00dfen Kurf\u00fcrsten Humpen 1677 datiert<\/h3>\n<div>\n<p><span>Creu\u00dfener Kurf\u00fcrsten Humpen 1677 datiert, auf der Wandung umlaufend der r\u00f6mische Kaiser und die Kurf\u00fcrsten aus Bayern, Sachsen, K\u00f6ln, Trier, Mainz Heidelberg und Brandenburg, H. 16 cm\u00a0<\/span><\/p>\n<\/div>\n<\/li>\n<li>\n<p>        <img decoding=\"async\" src=\"\/wp-content\/uploads\/2023\/02\/freiberg-steinzeug-birnkrug-kerbschnitt-email-um-1670.jpg\" alt=\"freiberg-steinzeug-birnkrug-kerbschnitt-email-um 1670\"><\/p>\n<h3>Freiberg Birnkrug um 1670<\/h3>\n<div>\n<p><span>Freiberger Steinzeug Birnkrug um 1670 mit vierfarbiger Emailbemalung und Vergoldung, Reliefzinndeckel vom Freiberger Zinngie\u00dfer Samuel G\u00fcnther d.\u00c4., H. 23 cm<\/span><\/p>\n<\/div>\n<\/li>\n<li>\n<p>        <img decoding=\"async\" src=\"\/wp-content\/uploads\/2019\/01\/Dippoldiswalder-Steinzeug-Birnkrug-um-1680.jpg\" alt=\"Dippoldiswalder-Steinzeug-Birnkrug-um-1680\"><\/p>\n<h3>Dippoldiswalde Birnkrug um 1680<\/h3>\n<div>\n<p><span>Dippoldiswalder (Annaberg) Steinzeug Birnkrug um 1680, mit bunten Emailfarben bemalt, H. 26 cm<\/span><\/p>\n<\/div>\n<\/li>\n<\/ul>\n<p>\n    <a href=\"\/archiv-steinzeug\/\">Alle Anzeigen<\/a>\n<\/p>\n<h2>Works of Art<\/h2>\n<ul>\n<li>\n<p>        <img decoding=\"async\" src=\"\/wp-content\/uploads\/2023\/02\/ellwangen-email-dose-tabtiere-bechtdolff-ca.-1765-scaled.jpg\" alt=\"\"><\/p>\n<h3>Email Tabtiere Ellwangen um 1765<\/h3>\n<div>\n<p>Emaildose mit der Stadtansicht von Ellwangen um 1765, Haus- und Dosenmaler Johann Andreas Bechdolff in Ellwangen bemalt, B. 9 cm<\/p>\n<\/div>\n<\/li>\n<li>\n<p>        <img decoding=\"async\" src=\"\/wp-content\/uploads\/2022\/06\/Kulmbacher-Dauben-Fass-1728-datiert-Meister-Andreas-Haas.jpg\" alt=\"Kulmbacher-Dauben-Fass-1728-datiert-Meister-Andreas-Haas\"><\/p>\n<h3>Kulmbach Daubenfass 1728 datiert<\/h3>\n<div>\n<p>Kulmbacher Dauben Fass 1728 datiert mit Hirsch Meister Andreas Haas (1690 \u2013 1732) H. 30 cm<\/p>\n<\/div>\n<\/li>\n<li>\n<p>        <img decoding=\"async\" src=\"\/wp-content\/uploads\/2020\/01\/17th-century-Augsburg-Silver-Tankard-David-Schwestermuller.jpg\" alt=\"\"><\/p>\n<h3>Augsburg Silber Humpen um 1670<\/h3>\n<div>\n<p>Augsburger Silberhumpen um 1670, Meister David Schwesterm\u00fcller <span>(Meister 1673, gestorben 1695)<\/span>, H. 22 cm<\/p>\n<\/div>\n<\/li>\n<\/ul>\n<p>\n    <a href=\"\/archiv-works-of-art\/\">Alle Anzeigen<\/a>\n<\/p>\n<p><!--more--><br \/>\n<!-- {\"type\":\"layout\",\"children\":[{\"type\":\"section\",\"props\":{\"image_position\":\"center-center\",\"padding\":\"large\",\"padding_remove_bottom\":false,\"style\":\"default\",\"title\":\"\",\"title_breakpoint\":\"xl\",\"title_position\":\"top-left\",\"title_rotation\":\"left\",\"vertical_align\":\"middle\",\"width\":\"large\"},\"children\":[{\"type\":\"row\",\"children\":[{\"type\":\"column\",\"props\":{\"image_position\":\"center-center\",\"media_overlay_gradient\":\"\",\"position_sticky_breakpoint\":\"m\",\"width_medium\":\"1-1\"},\"children\":[{\"type\":\"headline\",\"props\":{\"content\":\"Archiv\",\"content_en_us\":\"Archive\",\"title_color\":\"background\",\"title_element\":\"h1\",\"title_style\":\"heading-medium\"}},{\"type\":\"subnav\",\"props\":{\"margin\":\"medium\",\"margin_remove_bottom\":true,\"subnav_style\":\"divider\"},\"children\":[{\"type\":\"subnav_item\",\"props\":{\"content\":\"Kataloge\",\"content_en_us\":\"Catalogs\",\"link\":\"kataloge\\\/\",\"link_en_us\":\"en\\\/kataloge\\\/\"}},{\"type\":\"subnav_item\",\"props\":{\"content\":\"Fayencen\",\"content_en_us\":\"Faience\",\"link\":\"archiv-fayencen\\\/\",\"link_en_us\":\"en\\\/archiv-fayencen\\\/\"}},{\"type\":\"subnav_item\",\"props\":{\"content\":\"Steinzeug\",\"content_en_us\":\"Stoneware\",\"link\":\"archiv-steinzeug\\\/\",\"link_en_us\":\"en\\\/archiv-steinzeug\\\/\"}},{\"type\":\"subnav_item\",\"props\":{\"content\":\"Works of Art\",\"content_en_us\":\"Works of art\",\"link\":\"archiv-works-of-art\\\/\",\"link_en_us\":\"en\\\/archiv-works-of-art\\\/\"}}],\"name\":\"\"},{\"type\":\"text\",\"props\":{\"column_breakpoint\":\"m\",\"content\":\"\n\n<h5>Highlights unserer verkauften Objekte aus dem 16. Jahrhundert, 17. Jahrhundert und 18. Jahrhundert<\\\/h5>\",\"content_en_us\":\"\n\n<h5>Highlights of our sold objects of European Ceramics and Works of Art 16th century | 17th Century | 18th century<\\\/h5>\",\"margin\":\"default\"}}]}]}],\"name\":\"Hero\"},{\"type\":\"section\",\"props\":{\"image_position\":\"center-center\",\"padding\":\"large\",\"padding_remove_bottom\":false,\"style\":\"muted\",\"title_breakpoint\":\"xl\",\"title_position\":\"top-left\",\"title_rotation\":\"left\",\"vertical_align\":\"middle\",\"width\":\"large\"},\"children\":[{\"type\":\"row\",\"children\":[{\"type\":\"column\",\"props\":{\"image_position\":\"center-center\",\"media_overlay_gradient\":\"\",\"position_sticky_breakpoint\":\"m\",\"width_medium\":\"1-1\"},\"children\":[{\"type\":\"headline\",\"props\":{\"content\":\"Fayencen\",\"content_en_us\":\"Faience\",\"margin\":\"large\",\"title_element\":\"h2\",\"title_style\":\"h1\"}},{\"type\":\"gallery\",\"props\":{\"content_display\":\"lightbox\",\"filter_align\":\"left\",\"filter_all\":true,\"filter_grid_breakpoint\":\"m\",\"filter_grid_width\":\"auto\",\"filter_position\":\"top\",\"filter_style\":\"tab\",\"grid_default\":\"1\",\"grid_masonry\":true,\"grid_medium\":\"3\",\"item_animation\":true,\"lightbox\":true,\"link_style\":\"default\",\"link_text\":\"Details\",\"margin\":\"default\",\"meta_align\":\"below-title\",\"meta_element\":\"div\",\"meta_style\":\"text-meta\",\"overlay_hover\":false,\"overlay_mode\":\"caption\",\"overlay_position\":\"bottom-center\",\"overlay_style\":\"overlay-default\",\"overlay_transition\":\"fade\",\"parallax_easing\":\"1\",\"show_content\":true,\"show_hover_image\":true,\"show_link\":true,\"show_meta\":true,\"show_title\":true,\"text_align\":\"center\",\"text_color\":\"light\",\"title_display\":\"item\",\"title_element\":\"h3\",\"title_hover_style\":\"reset\"},\"children\":[{\"type\":\"gallery_item\",\"props\":{\"content\":\"\n\n<p>Ansbacher Enghalskrug der \\u201eGr\\u00fcnen Familie\\u201c um 1740, bunte Muffelmalerei, H. 30 cm\\u00a0<\\\/p>\",\"content_en_us\":\"\n\n<p class=\\\"entry-title\\\">Ansbach Faience Jug decorated with polychome enamel colours depicting a chinese couple in \\u201efamille verte\\u201c style ca. 1740, H. 30 cm<\\\/p>\",\"image\":\"wp-content\\\/uploads\\\/2019\\\/01\\\/Ansbacher-Enghalskrug-um-1740-Grune-Familie.jpg\",\"image_alt\":\"Ansbacher-Enghalskrug-um-1740-Grune-Familie\",\"image_alt_en_us\":\"ansbach-faience-jug-famille-verte-19th-century\",\"tags\":\"18. Jahrhundert\",\"tags_en_us\":\"18th century\",\"title\":\"Ansbach Enghalskrug um 1740 \",\"title_en_us\":\"Ansbach Faience Jug ca. 1740\"}},{\"type\":\"gallery_item\",\"props\":{\"content\":\"\n\n<p><span>Ansbacher Enghalskrug um 1730, Augsburger Hausmaler Bartholom\\u00e4us Seuter, bunte Muffelfarben und Fr\\u00fchlingsg\\u00f6ttin Flora in Purpur, H. 30 cm<\\\/span><\\\/p>\",\"content_en_us\":\"\n\n<p><span>Ansbach Faience Jug ca. 1730, painted by Augsburg Hausmaler Bartholom\\u00e4us Seuter, depicting Flora in Purpur Camaieu, H. 30 cm<\\\/span><\\\/p>\",\"image\":\"wp-content\\\/uploads\\\/2022\\\/01\\\/Barocker-Fayence-Hausmaler-krug-Seuter-Purpur-Malerei-18.-Jh-e1642881876222.jpg\",\"image_alt\":\"Barocker-Fayence-Hausmaler-krug-Seuter-Purpur-Malerei-18.-Jh\",\"image_alt_en_us\":\"ansbach-faience-jug-augsburg-hausmaler-seuter-flora-camaieu-18th-century\",\"meta_en_us\":\"\",\"tags\":\"Hausmaler\",\"tags_en_us\":\"Hausmaler\",\"title\":\"Hausmaler Krug Seuter um 1730\",\"title_en_us\":\"Hausmaler Jug Seuter ca. 1730\"}},{\"type\":\"gallery_item\",\"props\":{\"content\":\"\n\n<p>Ansbacher Reliefvase der \\u201eGr\\u00fcnen Familie\\u201c um 1735, die Bemalung wird Johann Wolfgang Meyerh\\u00f6ffer zugeschrieben, H. 21 cm<\\\/p>\",\"content_en_us\":\"\n\n<p>Ansbach Relief Faience Vase decorated with polychome\\u00a0 flowers and birds in \\u201efamille verte\\u201c style attributed to Johann Wolfgang Meyerh\\u00f6ffer ca. 1740, H. 21 cm<\\\/p>\",\"image\":\"wp-content\\\/uploads\\\/2019\\\/01\\\/Ansbacher-Reliefvase-Grune-Familie-um-1735.jpg\",\"image_alt\":\"Ansbacher-Reliefvase-Gruene-Familie-um-1735\",\"image_alt_en_us\":\"ansbach-faience-relief-vase-famille-verte-birds-flowers-18th-century\",\"meta_en_us\":\"\",\"tags\":\"18. Jahrhundert\",\"tags_en_us\":\"18th century\",\"title\":\"Ansbach Reliefvase um 1735\",\"title_en_us\":\"Ansbach Relief Vase ca. 1740\"}}]},{\"type\":\"button\",\"props\":{\"grid_column_gap\":\"small\",\"grid_row_gap\":\"small\",\"margin\":\"large\",\"text_align\":\"center\",\"text_align_breakpoint\":\"m\"},\"children\":[{\"type\":\"button_item\",\"props\":{\"button_style\":\"text\",\"content\":\"Alle Anzeigen\",\"content_en_us\":\"Show all\",\"icon_align\":\"left\",\"link\":\"archiv-fayencen\",\"link_en_us\":\"en\\\/archiv-fayencen\"}}]}]}]}],\"name\":\"Fayencen\"},{\"type\":\"section\",\"props\":{\"image_position\":\"center-center\",\"padding\":\"large\",\"padding_remove_bottom\":false,\"style\":\"default\",\"title_breakpoint\":\"xl\",\"title_position\":\"top-left\",\"title_rotation\":\"left\",\"vertical_align\":\"middle\",\"width\":\"large\"},\"children\":[{\"type\":\"row\",\"children\":[{\"type\":\"column\",\"props\":{\"image_position\":\"center-center\",\"media_overlay_gradient\":\"\",\"position_sticky_breakpoint\":\"m\",\"width_medium\":\"1-1\"},\"children\":[{\"type\":\"headline\",\"props\":{\"content\":\"Steinzeug\",\"content_en_us\":\"Stoneware\",\"margin\":\"large\",\"title_element\":\"h2\",\"title_style\":\"h1\"}},{\"type\":\"gallery\",\"props\":{\"content_display\":\"lightbox\",\"filter_align\":\"left\",\"filter_all\":true,\"filter_grid_breakpoint\":\"m\",\"filter_grid_width\":\"auto\",\"filter_position\":\"top\",\"filter_style\":\"tab\",\"grid_default\":\"1\",\"grid_masonry\":true,\"grid_medium\":\"3\",\"item_animation\":true,\"lightbox\":true,\"link_style\":\"default\",\"link_text\":\"Details\",\"margin\":\"default\",\"meta_align\":\"below-title\",\"meta_element\":\"div\",\"meta_style\":\"text-meta\",\"overlay_hover\":false,\"overlay_mode\":\"caption\",\"overlay_position\":\"bottom-center\",\"overlay_style\":\"overlay-default\",\"overlay_transition\":\"fade\",\"parallax_easing\":\"1\",\"show_content\":true,\"show_hover_image\":true,\"show_link\":true,\"show_meta\":true,\"show_title\":true,\"text_align\":\"center\",\"text_color\":\"light\",\"title_display\":\"item\",\"title_element\":\"h3\",\"title_hover_style\":\"reset\"},\"children\":[{\"type\":\"gallery_item\",\"props\":{\"content\":\"\n\n<p><span>Creu\\u00dfener Kurf\\u00fcrsten Humpen 1677 datiert, auf der Wandung umlaufend der r\\u00f6mische Kaiser und die Kurf\\u00fcrsten aus Bayern, Sachsen, K\\u00f6ln, Trier, Mainz Heidelberg und Brandenburg, H. 16 cm\\u00a0<\\\/span><\\\/p>\",\"content_en_us\":\"\n\n<p><span>Creussen Stoneware Elector Tankard dated 1677, enamel decorated applications of the roman emperor and electors of Bayern, Sachsen, K\\u00f6ln, Trier, Mainz Heidelberg und Brandenburg, H. 16 cm\\u00a0<\\\/span><\\\/p>\",\"image\":\"wp-content\\\/uploads\\\/2018\\\/02\\\/Creusener-Kurfursten-Humpen-1677-dat.jpg\",\"image_alt\":\"Creussener-Kurfursten-Humpen-1677-dat\",\"image_alt_en_us\":\"creussen-stoneware-tankard-elector-dated-1677\",\"tags_en_us\":\"\",\"title\":\"Creu\\u00dfen Kurf\\u00fcrsten Humpen 1677 datiert\",\"title_en_us\":\"Creussen Stoneware Tankard dated 1677\"}},{\"type\":\"gallery_item\",\"props\":{\"content\":\"\n\n<p><span>Freiberger Steinzeug Birnkrug um 1670 mit vierfarbiger Emailbemalung und Vergoldung, Reliefzinndeckel vom Freiberger Zinngie\\u00dfer Samuel G\\u00fcnther d.\\u00c4., H. 23 cm<\\\/span><\\\/p>\",\"content_en_us\":\"\n\n<p><span>Freiberg Stoneware Jug ca. 1670 with polychrome enamel decoration and guilding, relif pewter lid by Freiberg pewterer Samuel G\\u00fcnther the elder, H. 23 cm<\\\/span><\\\/p>\",\"image\":\"wp-content\\\/uploads\\\/2023\\\/02\\\/freiberg-steinzeug-birnkrug-kerbschnitt-email-um-1670.jpg\",\"image_alt\":\"freiberg-steinzeug-birnkrug-kerbschnitt-email-um 1670\",\"image_alt_en_us\":\"freiberg-stoneware-jug-enamel-ca-1670\",\"title\":\"Freiberg Birnkrug um 1670\",\"title_en_us\":\"Freiberg Stoneware Jug ca. 1670\"}},{\"type\":\"gallery_item\",\"props\":{\"content\":\"\n\n<p><span>Dippoldiswalder (Annaberg) Steinzeug Birnkrug um 1680, mit bunten Emailfarben bemalt, H. 26 cm<\\\/span><\\\/p>\",\"content_en_us\":\"\n\n<p><span>Dippoldiswalder (Annaberg) Stoneware Jug ca. 1680, polychrome enamel decoration, H. 26 cm<\\\/span><\\\/p>\",\"image\":\"wp-content\\\/uploads\\\/2019\\\/01\\\/Dippoldiswalder-Steinzeug-Birnkrug-um-1680.jpg\",\"image_alt\":\"Dippoldiswalder-Steinzeug-Birnkrug-um-1680\",\"image_alt_en_us\":\"dippoldiswalde-annaberg-stoneware-jug-1680\",\"title\":\"Dippoldiswalde Birnkrug um 1680\",\"title_en_us\":\"Dippoldiswalde Stoneware Jug ca. 1680\"}}]},{\"type\":\"button\",\"props\":{\"grid_column_gap\":\"small\",\"grid_row_gap\":\"small\",\"margin\":\"large\",\"text_align\":\"center\",\"text_align_breakpoint\":\"m\"},\"children\":[{\"type\":\"button_item\",\"props\":{\"button_style\":\"text\",\"content\":\"Alle Anzeigen\",\"content_en_us\":\"Show all\",\"icon_align\":\"left\",\"link\":\"archiv-steinzeug\\\/\",\"link_en_us\":\"en\\\/archiv-steinzeug\\\/\"}}]}]}]}],\"name\":\"Steinzeug\"},{\"type\":\"section\",\"props\":{\"image_position\":\"center-center\",\"padding\":\"large\",\"padding_remove_bottom\":false,\"style\":\"muted\",\"title_breakpoint\":\"xl\",\"title_position\":\"top-left\",\"title_rotation\":\"left\",\"vertical_align\":\"middle\",\"width\":\"large\"},\"children\":[{\"type\":\"row\",\"children\":[{\"type\":\"column\",\"props\":{\"image_position\":\"center-center\",\"media_overlay_gradient\":\"\",\"position_sticky_breakpoint\":\"m\",\"width_medium\":\"1-1\"},\"children\":[{\"type\":\"headline\",\"props\":{\"content\":\"Works of Art\",\"content_en_us\":\"Works of art\",\"margin\":\"large\",\"title_element\":\"h2\",\"title_style\":\"h1\"}},{\"type\":\"gallery\",\"props\":{\"content_display\":\"lightbox\",\"filter_align\":\"left\",\"filter_all\":true,\"filter_grid_breakpoint\":\"m\",\"filter_grid_width\":\"auto\",\"filter_position\":\"top\",\"filter_style\":\"tab\",\"grid_default\":\"1\",\"grid_masonry\":true,\"grid_medium\":\"3\",\"item_animation\":true,\"lightbox\":true,\"link_style\":\"default\",\"link_text\":\"Details\",\"margin\":\"default\",\"meta_align\":\"below-title\",\"meta_element\":\"div\",\"meta_style\":\"text-meta\",\"overlay_hover\":false,\"overlay_mode\":\"caption\",\"overlay_position\":\"bottom-center\",\"overlay_style\":\"overlay-default\",\"overlay_transition\":\"fade\",\"parallax_easing\":\"1\",\"show_content\":true,\"show_hover_image\":true,\"show_link\":true,\"show_meta\":true,\"show_title\":true,\"text_align\":\"center\",\"text_color\":\"light\",\"title_display\":\"item\",\"title_element\":\"h3\",\"title_hover_style\":\"reset\"},\"children\":[{\"type\":\"gallery_item\",\"props\":{\"content\":\"\n\n<p>Emaildose mit der Stadtansicht von Ellwangen um 1765, Haus- und Dosenmaler Johann Andreas Bechdolff in Ellwangen bemalt, B. 9 cm<\\\/p>\",\"content_en_us\":\"\n\n<p>18th century Enamel Snuff Box Joh. Andreas Bechdolff Ellwangen ca. 1765, D. 9 cm<\\\/p>\",\"image\":\"wp-content\\\/uploads\\\/2023\\\/02\\\/ellwangen-email-dose-tabtiere-bechtdolff-ca.-1765-scaled.jpg\",\"image_alt_en_us\":\"german-enamel-snuff-box-ellwangen-bechtdoll-18th-century\",\"meta_en_us\":\"\",\"tags_en_us\":\"Enamel\",\"title\":\"Email Tabtiere Ellwangen um 1765\",\"title_en_us\":\"Enamel Snuffbox ca. 1765\"}},{\"type\":\"gallery_item\",\"props\":{\"content\":\"\n\n<p>Kulmbacher Dauben Fass 1728 datiert mit Hirsch Meister Andreas Haas (1690 \\u2013 1732) H. 30 cm<\\\/p>\",\"content_en_us\":\"\n\n<p><span>Kulmbach Stave barrel dated 1728 with pewter inlay depicting a stag and wooden body, Meister Andreas Haas (1690 \\u2013 1732), <\\\/span>H. 30 cm<\\\/p>\",\"image\":\"wp-content\\\/uploads\\\/2022\\\/06\\\/Kulmbacher-Dauben-Fass-1728-datiert-Meister-Andreas-Haas.jpg\",\"image_alt\":\"Kulmbacher-Dauben-Fass-1728-datiert-Meister-Andreas-Haas\",\"image_alt_en_us\":\"kulmbach-stave-barrel-dated-1728\",\"tags\":\"Holz\",\"title\":\"Kulmbach Daubenfass 1728 datiert\",\"title_en_us\":\"Kulmbach Barrel dated 1728\"}},{\"type\":\"gallery_item\",\"props\":{\"content\":\"\n\n<p>Augsburger Silberhumpen um 1670, Meister David Schwesterm\\u00fcller <span>(Meister 1673, gestorben 1695)<\\\/span>, H. 22 cm<\\\/p>\",\"content_en_us\":\"\n\n<p><span>Augsburg silver-gilt tankard, by David Schwesterm\\u00fcller (master 1673, died 1695), circa 1670, H. 22cm<\\\/span><\\\/p>\",\"image\":\"wp-content\\\/uploads\\\/2020\\\/01\\\/17th-century-Augsburg-Silver-Tankard-David-Schwestermuller.jpg\",\"image_alt_en_us\":\"17th-century-Augsburg-Silver-Tankard-David-Schwestermuller\",\"tags\":\"Silber\",\"tags_en_us\":\"silver\",\"title\":\"Augsburg Silber Humpen um 1670\",\"title_en_us\":\"Augsburg Silver Tankard ca. 1670\"}}]},{\"type\":\"button\",\"props\":{\"grid_column_gap\":\"small\",\"grid_row_gap\":\"small\",\"margin\":\"large\",\"text_align\":\"center\",\"text_align_breakpoint\":\"m\"},\"children\":[{\"type\":\"button_item\",\"props\":{\"button_style\":\"text\",\"content\":\"Alle Anzeigen\",\"content_en_us\":\"Show all\",\"icon_align\":\"left\",\"link\":\"archiv-works-of-art\\\/\",\"link_en_us\":\"en\\\/archiv-works-of-art\\\/\"}}]}]}]}],\"name\":\"Works of Art\"}],\"version\":\"3.0.25\"} --><\/p>\n","protected":false},"excerpt":{"rendered":"<p>Archiv Kataloge Fayencen Steinzeug Works of Art Highlights unserer verkauften Objekte aus dem 16. Jahrhundert, 17. Jahrhundert und 18. Jahrhundert Fayencen Ansbach Enghalskrug um 1740 Ansbacher Enghalskrug der \u201eGr\u00fcnen Familie\u201c um 1740, bunte Muffelmalerei, H. 30 cm\u00a0 Hausmaler Krug Seuter um 1730 Ansbacher Enghalskrug um 1730, Augsburger Hausmaler Bartholom\u00e4us Seuter, bunte Muffelfarben und Fr\u00fchlingsg\u00f6ttin Flora [&hellip;]<\/p>\n","protected":false},"author":1,"featured_media":0,"parent":0,"menu_order":4,"comment_status":"closed","ping_status":"closed","template":"","meta":{"footnotes":""},"class_list":["post-7919","page","type-page","status-publish","hentry"],"_links":{"self":[{"href":"https:\/\/www.fayence-steinzeug-vogt.de\/en\/wp-json\/wp\/v2\/pages\/7919","targetHints":{"allow":["GET"]}}],"collection":[{"href":"https:\/\/www.fayence-steinzeug-vogt.de\/en\/wp-json\/wp\/v2\/pages"}],"about":[{"href":"https:\/\/www.fayence-steinzeug-vogt.de\/en\/wp-json\/wp\/v2\/types\/page"}],"author":[{"embeddable":true,"href":"https:\/\/www.fayence-steinzeug-vogt.de\/en\/wp-json\/wp\/v2\/users\/1"}],"replies":[{"embeddable":true,"href":"https:\/\/www.fayence-steinzeug-vogt.de\/en\/wp-json\/wp\/v2\/comments?post=7919"}],"version-history":[{"count":63,"href":"https:\/\/www.fayence-steinzeug-vogt.de\/en\/wp-json\/wp\/v2\/pages\/7919\/revisions"}],"predecessor-version":[{"id":10971,"href":"https:\/\/www.fayence-steinzeug-vogt.de\/en\/wp-json\/wp\/v2\/pages\/7919\/revisions\/10971"}],"wp:attachment":[{"href":"https:\/\/www.fayence-steinzeug-vogt.de\/en\/wp-json\/wp\/v2\/media?parent=7919"}],"curies":[{"name":"wp","href":"https:\/\/api.w.org\/{rel}","templated":true}]}}